{"id":2984,"date":"2020-02-11T17:43:08","date_gmt":"2020-02-11T16:43:08","guid":{"rendered":"https:\/\/rutherberg.com\/produit\/insight\/"},"modified":"2025-03-03T12:55:31","modified_gmt":"2025-03-03T11:55:31","slug":"insight","status":"publish","type":"product","link":"https:\/\/rutherberg.com\/de\/produit\/insight\/","title":{"rendered":"Insight"},"content":{"rendered":"<p>Fehlt es Ihrem Verst\u00e4rker an Punch und Dynamik?<\/p>\n<p>Sie m\u00f6gen es nicht, wie klassische Overdrives Ihren Sound f\u00e4rben, wenn Sie Ihren Verst\u00e4rker aufdrehen?<\/p>\n<p>Mit dem Rutherberg Insight sind Sie auf jeder B\u00fchne zu Hause!<\/p>\n<p>Er bewahrt das Temperament Ihres Verst\u00e4rkers und Ihrer Mikrofone, w\u00e4hrend er den Klang strafft. Mehr Punch, mehr Dynamik, bessere Artikulation, und das alles ohne ein Ger\u00e4usch!<\/p>\n<p>Er kann auch als Lautst\u00e4rke-Boost verwendet werden, wenn er in der Effektschleife platziert wird, z.B. bei Solos,&#8230;.<\/p>\n<hr>\n<ul>\n<li>Clean Boost bis zu +18dB<\/li>\n<li>Aluminiumgeh\u00e4use, Abmessungen: 112 X 60 X 31 mm<\/li>\n<li>Stromversorgung: 9VDC Center Pin Negative (nicht im Lieferumfang enthalten)<\/li>\n<li>Handgefertigt in Belgien<\/li>\n<\/ul>\n<p>&nbsp;<\/p>\n","protected":false},"excerpt":{"rendered":"<p>TIGHT IT UP!<br \/>\nClean Boost bis zu +18 dB: mehr Punch, mehr Dynamik, bessere Artikulation, und das alles ohne ein Ger\u00e4usch!<\/p>\n<p>Wenn nicht auf Lager, ca. 3 Wochen f\u00fcr Produktion und Versand<\/p>\n","protected":false},"featured_media":4259,"template":"","meta":{"_monsterinsights_skip_tracking":false,"_monsterinsights_sitenote_active":false,"_monsterinsights_sitenote_note":"","_monsterinsights_sitenote_category":0,"neve_meta_sidebar":"","neve_meta_container":"","neve_meta_enable_content_width":"off","neve_meta_content_width":100,"neve_meta_title_alignment":"","neve_meta_author_avatar":"","neve_post_elements_order":"","neve_meta_disable_header":"","neve_meta_disable_footer":"","neve_meta_disable_title":""},"product_brand":[],"product_cat":[60],"product_tag":[86,84,85],"class_list":{"0":"post-2984","1":"product","2":"type-product","3":"status-publish","4":"has-post-thumbnail","6":"product_cat-pedalen","7":"product_tag-boost-de","8":"product_tag-pedal-de","9":"product_tag-wirkung","10":"product_shipping_class-pedale","12":"first","13":"instock","14":"taxable","15":"shipping-taxable","16":"purchasable","17":"product-type-simple"},"_links":{"self":[{"href":"https:\/\/rutherberg.com\/de\/wp-json\/wp\/v2\/product\/2984","targetHints":{"allow":["GET"]}}],"collection":[{"href":"https:\/\/rutherberg.com\/de\/wp-json\/wp\/v2\/product"}],"about":[{"href":"https:\/\/rutherberg.com\/de\/wp-json\/wp\/v2\/types\/product"}],"version-history":[{"count":3,"href":"https:\/\/rutherberg.com\/de\/wp-json\/wp\/v2\/product\/2984\/revisions"}],"predecessor-version":[{"id":4273,"href":"https:\/\/rutherberg.com\/de\/wp-json\/wp\/v2\/product\/2984\/revisions\/4273"}],"wp:featuredmedia":[{"embeddable":true,"href":"https:\/\/rutherberg.com\/de\/wp-json\/wp\/v2\/media\/4259"}],"wp:attachment":[{"href":"https:\/\/rutherberg.com\/de\/wp-json\/wp\/v2\/media?parent=2984"}],"wp:term":[{"taxonomy":"product_brand","embeddable":true,"href":"https:\/\/rutherberg.com\/de\/wp-json\/wp\/v2\/product_brand?post=2984"},{"taxonomy":"product_cat","embeddable":true,"href":"https:\/\/rutherberg.com\/de\/wp-json\/wp\/v2\/product_cat?post=2984"},{"taxonomy":"product_tag","embeddable":true,"href":"https:\/\/rutherberg.com\/de\/wp-json\/wp\/v2\/product_tag?post=2984"}],"curies":[{"name":"wp","href":"https:\/\/api.w.org\/{rel}","templated":true}]}}