{"id":2974,"date":"2020-12-08T08:20:25","date_gmt":"2020-12-08T07:20:25","guid":{"rendered":"https:\/\/rutherberg.com\/produit\/hot-maid\/"},"modified":"2020-12-08T08:20:25","modified_gmt":"2020-12-08T07:20:25","slug":"hot-maid","status":"publish","type":"product","link":"https:\/\/rutherberg.com\/de\/produit\/hot-maid\/","title":{"rendered":"Hot Maid"},"content":{"rendered":"<ul>\n<li>Das britische Voicing reicht von cleanem Gesang \u00fcber druckvollen Blues bis hin zum Heavy der 80er\/90er Jahre. Dynamisch und mit R\u00fccksicht auf den Klang des Instruments, um die Stimmung des Gitarristen wiederzugeben.<\/li>\n<li>2 footswitchable Kan\u00e4le: Clean\/Overdrive (2x 12AX7)<\/li>\n<li>Attack&#8220;-Schalter f\u00fcr den Overdrive-Kanal, um Biss hinzuzuf\u00fcgen<\/li>\n<li>Leistung: 18W (2x EL84)<\/li>\n<li>Aktiver und transparenter Effekt-Loop, der den Klang des Vorverst\u00e4rkers nicht beeinflusst.<\/li>\n<li>Lautsprecherausgang mit Impedanzwahlschalter: 4, 8 oder 16 Ohm<\/li>\n<li>Line-Out + Pegel f\u00fcr die Aufnahme<\/li>\n<li>Stille Aufnahme: Wenn kein Lautsprecher an den Verst\u00e4rker angeschlossen ist, wird eine interne Ladung aktiviert, die eine sichere stille Aufnahme erm\u00f6glicht. Dies ist auch ein zus\u00e4tzlicher Schutz, wenn Sie vergessen, einen Lautsprecher an den Verst\u00e4rker anzuschlie\u00dfen.<\/li>\n<li>Footswitch-Eingang<\/li>\n<li>In einer anderen Ausf\u00fchrung? Eine andere Farbe? Eine zus\u00e4tzliche Option gew\u00fcnscht?  <a href=\"\/index.php\/contact\">Kontaktiere uns !<\/a><\/li>\n<\/ul>\n<hr>\n<p>&nbsp;<\/p>\n<p><a name=\"identifier\"><\/a><\/p>\n<div class=\"nv-iframe-embed\"><iframe title=\"Rutherberg Hot Maid - Quick playthrough\" width=\"1200\" height=\"675\" src=\"https:\/\/www.youtube.com\/embed\/zDhbpAznPyg?feature=oembed\" frameborder=\"0\" allow=\"accelerometer; autoplay; clipboard-write; encrypted-media; gyroscope; picture-in-picture; web-share\" referrerpolicy=\"strict-origin-when-cross-origin\" allowfullscreen><\/iframe><\/div>\n","protected":false},"excerpt":{"rendered":"<p><a href=\"#identifier\">Videos<\/a><\/p>\n","protected":false},"featured_media":2265,"template":"","meta":{"_monsterinsights_skip_tracking":false,"_monsterinsights_sitenote_active":false,"_monsterinsights_sitenote_note":"","_monsterinsights_sitenote_category":0,"neve_meta_sidebar":"","neve_meta_container":"","neve_meta_enable_content_width":"off","neve_meta_content_width":100,"neve_meta_title_alignment":"","neve_meta_author_avatar":"","neve_post_elements_order":"","neve_meta_disable_header":"","neve_meta_disable_footer":"","neve_meta_disable_title":""},"product_brand":[],"product_cat":[53],"product_tag":[54],"class_list":{"0":"post-2974","1":"product","2":"type-product","3":"status-publish","4":"has-post-thumbnail","6":"product_cat-amps-de","7":"product_tag-verstarker","9":"first","10":"onbackorder","11":"taxable","12":"shipping-taxable","13":"purchasable","14":"product-type-simple"},"_links":{"self":[{"href":"https:\/\/rutherberg.com\/de\/wp-json\/wp\/v2\/product\/2974","targetHints":{"allow":["GET"]}}],"collection":[{"href":"https:\/\/rutherberg.com\/de\/wp-json\/wp\/v2\/product"}],"about":[{"href":"https:\/\/rutherberg.com\/de\/wp-json\/wp\/v2\/types\/product"}],"version-history":[{"count":0,"href":"https:\/\/rutherberg.com\/de\/wp-json\/wp\/v2\/product\/2974\/revisions"}],"wp:featuredmedia":[{"embeddable":true,"href":"https:\/\/rutherberg.com\/de\/wp-json\/wp\/v2\/media\/2265"}],"wp:attachment":[{"href":"https:\/\/rutherberg.com\/de\/wp-json\/wp\/v2\/media?parent=2974"}],"wp:term":[{"taxonomy":"product_brand","embeddable":true,"href":"https:\/\/rutherberg.com\/de\/wp-json\/wp\/v2\/product_brand?post=2974"},{"taxonomy":"product_cat","embeddable":true,"href":"https:\/\/rutherberg.com\/de\/wp-json\/wp\/v2\/product_cat?post=2974"},{"taxonomy":"product_tag","embeddable":true,"href":"https:\/\/rutherberg.com\/de\/wp-json\/wp\/v2\/product_tag?post=2974"}],"curies":[{"name":"wp","href":"https:\/\/api.w.org\/{rel}","templated":true}]}}