{"id":2970,"date":"2020-12-08T09:12:39","date_gmt":"2020-12-08T08:12:39","guid":{"rendered":"https:\/\/rutherberg.com\/produit\/haven\/"},"modified":"2020-12-08T09:12:39","modified_gmt":"2020-12-08T08:12:39","slug":"haven","status":"publish","type":"product","link":"https:\/\/rutherberg.com\/de\/produit\/haven\/","title":{"rendered":"Haven"},"content":{"rendered":"<ul>\n<li>Einkanaliger, cleaner Verst\u00e4rker mit einem Verst\u00e4rkungsregler, der zu einem leichten Crunch (1x 5751) gedreht werden kann.<\/li>\n<li>Basierend auf dem Hot Maid Clean und entwickelt im Sinne einer &#8222;Tretplattform&#8220;.<\/li>\n<li>Leistung: 18W (2x EL84) oder 30W (4x EL84)<\/li>\n<li>Switch Bright<\/li>\n<li>Aktive Effektschleife, die transparent ist und den Klang des Vorverst\u00e4rkers nicht beeinflusst.<\/li>\n<li>Lautsprecherausgang mit Impedanzwahlschalter: 4, 8 und 16 Ohm<\/li>\n<li>Line-Out + Pegel f\u00fcr die Aufnahme<\/li>\n<li>Stille Aufnahme: Wenn kein Lautsprecher an den Verst\u00e4rker angeschlossen ist, wird eine interne Ladung aktiviert, die eine sichere stille Aufnahme erm\u00f6glicht. Dies ist auch ein zus\u00e4tzlicher Schutz, wenn Sie vergessen, einen Lautsprecher an den Verst\u00e4rker anzuschlie\u00dfen.<\/li>\n<li>In einer anderen Ausf\u00fchrung? Eine andere Farbe? Eine zus\u00e4tzliche Option gew\u00fcnscht?  <a href=\"\/index.php\/contact\">Kontaktiere uns !<\/a><\/li>\n<\/ul>\n<div class=\"nv-iframe-embed\"><iframe title=\"Rutherberg Haven - Jazz\" width=\"1200\" height=\"675\" src=\"https:\/\/www.youtube.com\/embed\/ERdU10FrBgc?feature=oembed\" frameborder=\"0\" allow=\"accelerometer; autoplay; clipboard-write; encrypted-media; gyroscope; picture-in-picture; web-share\" referrerpolicy=\"strict-origin-when-cross-origin\" allowfullscreen><\/iframe><\/div>\n<div class=\"nv-iframe-embed\"><iframe title=\"Rutherberg Standard Fuzz\" width=\"1200\" height=\"675\" src=\"https:\/\/www.youtube.com\/embed\/dFygJupx67E?feature=oembed\" frameborder=\"0\" allow=\"accelerometer; autoplay; clipboard-write; encrypted-media; gyroscope; picture-in-picture; web-share\" referrerpolicy=\"strict-origin-when-cross-origin\" allowfullscreen><\/iframe><\/div>\n","protected":false},"excerpt":{"rendered":"<p>Einkanaliger &#8222;Pedalplattform&#8220;-Verst\u00e4rker<\/p>\n","protected":false},"featured_media":2431,"template":"","meta":{"_monsterinsights_skip_tracking":false,"_monsterinsights_sitenote_active":false,"_monsterinsights_sitenote_note":"","_monsterinsights_sitenote_category":0,"neve_meta_sidebar":"","neve_meta_container":"","neve_meta_enable_content_width":"off","neve_meta_content_width":70,"neve_meta_title_alignment":"","neve_meta_author_avatar":"","neve_post_elements_order":"","neve_meta_disable_header":"","neve_meta_disable_footer":"","neve_meta_disable_title":""},"product_brand":[],"product_cat":[53],"product_tag":[54],"class_list":{"0":"post-2970","1":"product","2":"type-product","3":"status-publish","4":"has-post-thumbnail","6":"product_cat-amps-de","7":"product_tag-verstarker","9":"first","10":"onbackorder","11":"taxable","12":"shipping-taxable","13":"purchasable","14":"product-type-variable"},"_links":{"self":[{"href":"https:\/\/rutherberg.com\/de\/wp-json\/wp\/v2\/product\/2970","targetHints":{"allow":["GET"]}}],"collection":[{"href":"https:\/\/rutherberg.com\/de\/wp-json\/wp\/v2\/product"}],"about":[{"href":"https:\/\/rutherberg.com\/de\/wp-json\/wp\/v2\/types\/product"}],"version-history":[{"count":0,"href":"https:\/\/rutherberg.com\/de\/wp-json\/wp\/v2\/product\/2970\/revisions"}],"wp:featuredmedia":[{"embeddable":true,"href":"https:\/\/rutherberg.com\/de\/wp-json\/wp\/v2\/media\/2431"}],"wp:attachment":[{"href":"https:\/\/rutherberg.com\/de\/wp-json\/wp\/v2\/media?parent=2970"}],"wp:term":[{"taxonomy":"product_brand","embeddable":true,"href":"https:\/\/rutherberg.com\/de\/wp-json\/wp\/v2\/product_brand?post=2970"},{"taxonomy":"product_cat","embeddable":true,"href":"https:\/\/rutherberg.com\/de\/wp-json\/wp\/v2\/product_cat?post=2970"},{"taxonomy":"product_tag","embeddable":true,"href":"https:\/\/rutherberg.com\/de\/wp-json\/wp\/v2\/product_tag?post=2970"}],"curies":[{"name":"wp","href":"https:\/\/api.w.org\/{rel}","templated":true}]}}