{"id":2964,"date":"2020-12-08T09:43:59","date_gmt":"2020-12-08T08:43:59","guid":{"rendered":"https:\/\/rutherberg.com\/produit\/doubleshot\/"},"modified":"2020-12-08T09:43:59","modified_gmt":"2020-12-08T08:43:59","slug":"doubleshot","status":"publish","type":"product","link":"https:\/\/rutherberg.com\/de\/produit\/doubleshot\/","title":{"rendered":"DoubleShot"},"content":{"rendered":"<ul>\n<li>Inspiriert vom Marshall JCM800, mit 2 Footswitching-Kan\u00e4len (clean\/overdrive) und einem erweiterten Gain-Panel.<\/li>\n<li>Unabh\u00e4ngige Verst\u00e4rkung und Mastervolumen f\u00fcr jeden Kanal<\/li>\n<li>1 Schalter &#8222;Clean boost&#8220; und 2 Schalter &#8222;OD boost&#8220;, die auf verschiedene Frequenzen wirken<\/li>\n<li>Leistung: 25 oder 50W (2x EL34)<\/li>\n<li>2 Lautsprecherausg\u00e4nge mit Impedanzwahlschalter: 4, 8 oder 16 Ohm<\/li>\n<li>Footswitch-Eingang<\/li>\n<li>In einer anderen Ausf\u00fchrung? Eine andere Farbe? Eine zus\u00e4tzliche Option gew\u00fcnscht?  <a href=\"\/index.php\/contact\">Kontaktiere uns !<\/a><\/li>\n<li>Optional: Aktive Effektschleife, Hall, Midi-Switching,&#8230;<\/li>\n<\/ul>\n<hr>\n<p>&nbsp;<\/p>\n<p><a name=\"identifier\"><\/a><\/p>\n<div class=\"nv-iframe-embed\"><iframe title=\"Auxan Oldirish OD\" width=\"1200\" height=\"675\" src=\"https:\/\/www.youtube.com\/embed\/UzlfcIO8Olo?feature=oembed\" frameborder=\"0\" allow=\"accelerometer; autoplay; clipboard-write; encrypted-media; gyroscope; picture-in-picture; web-share\" referrerpolicy=\"strict-origin-when-cross-origin\" allowfullscreen><\/iframe><\/div>\n<div class=\"nv-iframe-embed\"><iframe title=\"Auxan Oldirish clean\" width=\"1200\" height=\"675\" src=\"https:\/\/www.youtube.com\/embed\/0Gs11fNJc3U?feature=oembed\" frameborder=\"0\" allow=\"accelerometer; autoplay; clipboard-write; encrypted-media; gyroscope; picture-in-picture; web-share\" referrerpolicy=\"strict-origin-when-cross-origin\" allowfullscreen><\/iframe><\/div>\n<p>&nbsp;<\/p>\n","protected":false},"excerpt":{"rendered":"<p><a href=\"#identifier\">Videos<\/a><\/p>\n","protected":false},"featured_media":2409,"template":"","meta":{"_monsterinsights_skip_tracking":false,"_monsterinsights_sitenote_active":false,"_monsterinsights_sitenote_note":"","_monsterinsights_sitenote_category":0,"neve_meta_sidebar":"","neve_meta_container":"","neve_meta_enable_content_width":"off","neve_meta_content_width":100,"neve_meta_title_alignment":"","neve_meta_author_avatar":"","neve_post_elements_order":"","neve_meta_disable_header":"","neve_meta_disable_footer":"","neve_meta_disable_title":""},"product_brand":[],"product_cat":[53],"product_tag":[54],"class_list":{"0":"post-2964","1":"product","2":"type-product","3":"status-publish","4":"has-post-thumbnail","6":"product_cat-amps-de","7":"product_tag-verstarker","9":"first","10":"onbackorder","11":"taxable","12":"shipping-taxable","13":"purchasable","14":"product-type-variable"},"_links":{"self":[{"href":"https:\/\/rutherberg.com\/de\/wp-json\/wp\/v2\/product\/2964","targetHints":{"allow":["GET"]}}],"collection":[{"href":"https:\/\/rutherberg.com\/de\/wp-json\/wp\/v2\/product"}],"about":[{"href":"https:\/\/rutherberg.com\/de\/wp-json\/wp\/v2\/types\/product"}],"version-history":[{"count":0,"href":"https:\/\/rutherberg.com\/de\/wp-json\/wp\/v2\/product\/2964\/revisions"}],"wp:featuredmedia":[{"embeddable":true,"href":"https:\/\/rutherberg.com\/de\/wp-json\/wp\/v2\/media\/2409"}],"wp:attachment":[{"href":"https:\/\/rutherberg.com\/de\/wp-json\/wp\/v2\/media?parent=2964"}],"wp:term":[{"taxonomy":"product_brand","embeddable":true,"href":"https:\/\/rutherberg.com\/de\/wp-json\/wp\/v2\/product_brand?post=2964"},{"taxonomy":"product_cat","embeddable":true,"href":"https:\/\/rutherberg.com\/de\/wp-json\/wp\/v2\/product_cat?post=2964"},{"taxonomy":"product_tag","embeddable":true,"href":"https:\/\/rutherberg.com\/de\/wp-json\/wp\/v2\/product_tag?post=2964"}],"curies":[{"name":"wp","href":"https:\/\/api.w.org\/{rel}","templated":true}]}}