{"id":2958,"date":"2020-12-08T09:57:53","date_gmt":"2020-12-08T08:57:53","guid":{"rendered":"https:\/\/rutherberg.com\/produit\/trigger\/"},"modified":"2020-12-08T09:57:53","modified_gmt":"2020-12-08T08:57:53","slug":"trigger","status":"publish","type":"product","link":"https:\/\/rutherberg.com\/de\/produit\/trigger\/","title":{"rendered":"Trigger"},"content":{"rendered":"<ul>\n<li>2-Kanal-Verst\u00e4rker an der Grenze zwischen Vintage- und modernem Sound: Clean-Smooth-Kanal und Overdrive-Kanal mit einer breiten Palette an Verst\u00e4rkungsm\u00f6glichkeiten von leichtem Crunch bis zu w\u00fctendem, aber definiertem Overdrive! (3x 12AX7 + 1x 12AT7)<\/li>\n<li>Leistung: 15W (2x 6V6) oder 30W (2x 6L6)<\/li>\n<li>Bright Switch 3 Positionen auf dem Overdrive-Kanal<\/li>\n<li>Effektschleife aktiv<\/li>\n<li>Unabh\u00e4ngige Verst\u00e4rkung und Mastervolumen f\u00fcr jeden Kanal<\/li>\n<li>Umschaltung halbe\/volle Leistung<\/li>\n<li>2 Lautsprecherausg\u00e4nge mit Impedanzwahlschalter: 4, 8 oder 16 Ohm<\/li>\n<li>Footswitch-Eingang<\/li>\n<li>In einer anderen Ausf\u00fchrung? Eine andere Farbe? Eine zus\u00e4tzliche Option gew\u00fcnscht?  <a href=\"\/index.php\/contact\">Kontaktiere uns !<\/a><\/li>\n<\/ul>\n<hr>\n<p>Trigger 15 &#8211; Metal (Signalkette: Mayones Duvell Elite &#8211; Trigger 15 &#8211; 2&#215;12 G12K-100 &#8211; Sennheiser E906)<\/p>\n<audio class=\"wp-audio-shortcode\" id=\"audio-2958-1\" preload=\"none\" style=\"width: 100%;\" controls=\"controls\"><source type=\"audio\/mpeg\" src=\"http:\/\/rutherberg.com\/wp-content\/uploads\/2020\/12\/test-v7-e906-duvel.mp3?_=1\" \/><a href=\"http:\/\/rutherberg.com\/wp-content\/uploads\/2020\/12\/test-v7-e906-duvel.mp3\">http:\/\/rutherberg.com\/wp-content\/uploads\/2020\/12\/test-v7-e906-duvel.mp3<\/a><\/audio>\n<p>&nbsp;<\/p>\n<div class=\"nv-iframe-embed\"><iframe title=\"Rutherberg Trigger 15 - Metal\" width=\"1200\" height=\"675\" src=\"https:\/\/www.youtube.com\/embed\/-IRWB42oaxY?feature=oembed\" frameborder=\"0\" allow=\"accelerometer; autoplay; clipboard-write; encrypted-media; gyroscope; picture-in-picture; web-share\" referrerpolicy=\"strict-origin-when-cross-origin\" allowfullscreen><\/iframe><\/div>\n","protected":false},"excerpt":{"rendered":"<p><a href=\"#identifier\">Videos<\/a><\/p>\n","protected":false},"featured_media":2647,"template":"","meta":{"_monsterinsights_skip_tracking":false,"_monsterinsights_sitenote_active":false,"_monsterinsights_sitenote_note":"","_monsterinsights_sitenote_category":0,"neve_meta_sidebar":"","neve_meta_container":"","neve_meta_enable_content_width":"off","neve_meta_content_width":100,"neve_meta_title_alignment":"","neve_meta_author_avatar":"","neve_post_elements_order":"","neve_meta_disable_header":"","neve_meta_disable_footer":"","neve_meta_disable_title":""},"product_brand":[],"product_cat":[53],"product_tag":[54],"class_list":{"0":"post-2958","1":"product","2":"type-product","3":"status-publish","4":"has-post-thumbnail","6":"product_cat-amps-de","7":"product_tag-verstarker","9":"first","10":"onbackorder","11":"taxable","12":"shipping-taxable","13":"purchasable","14":"product-type-variable"},"_links":{"self":[{"href":"https:\/\/rutherberg.com\/de\/wp-json\/wp\/v2\/product\/2958","targetHints":{"allow":["GET"]}}],"collection":[{"href":"https:\/\/rutherberg.com\/de\/wp-json\/wp\/v2\/product"}],"about":[{"href":"https:\/\/rutherberg.com\/de\/wp-json\/wp\/v2\/types\/product"}],"version-history":[{"count":0,"href":"https:\/\/rutherberg.com\/de\/wp-json\/wp\/v2\/product\/2958\/revisions"}],"wp:featuredmedia":[{"embeddable":true,"href":"https:\/\/rutherberg.com\/de\/wp-json\/wp\/v2\/media\/2647"}],"wp:attachment":[{"href":"https:\/\/rutherberg.com\/de\/wp-json\/wp\/v2\/media?parent=2958"}],"wp:term":[{"taxonomy":"product_brand","embeddable":true,"href":"https:\/\/rutherberg.com\/de\/wp-json\/wp\/v2\/product_brand?post=2958"},{"taxonomy":"product_cat","embeddable":true,"href":"https:\/\/rutherberg.com\/de\/wp-json\/wp\/v2\/product_cat?post=2958"},{"taxonomy":"product_tag","embeddable":true,"href":"https:\/\/rutherberg.com\/de\/wp-json\/wp\/v2\/product_tag?post=2958"}],"curies":[{"name":"wp","href":"https:\/\/api.w.org\/{rel}","templated":true}]}}