{"id":2957,"date":"2020-12-08T10:42:57","date_gmt":"2020-12-08T09:42:57","guid":{"rendered":"https:\/\/rutherberg.com\/produit\/redwood\/"},"modified":"2020-12-08T10:42:57","modified_gmt":"2020-12-08T09:42:57","slug":"redwood","status":"publish","type":"product","link":"https:\/\/rutherberg.com\/de\/produit\/redwood\/","title":{"rendered":"Redwood"},"content":{"rendered":"<ul>\n<li>1&#215;12&#8243;-Combo im Vintage-Stil, ein Kanal mit Gain-Regler, der von tiefem Clean bis zu fettem, schmutzigem Crunch reicht! Sensibel f\u00fcr die Ber\u00fchrung des Gitarristen, wird er die Feinheiten des Spiels und ein Maximum an Emotionen vermitteln.<\/li>\n<li>Leistung: Klasse A, 15W (2x 6V6) oder 40W (2x 6L6)<\/li>\n<li>Vorverst\u00e4rker: 2x 12AX7<\/li>\n<li>Analoger langer Hall (Belton-Modul). Optionaler Federhall<a href=\"\/index.php\/contact\">(kontaktieren Sie uns<\/a>)<\/li>\n<li>Footswitchable Boost: Leichter Mittelton- und Lautst\u00e4rke-Boost, ideal um z.B. bei Soli nach vorne zu gehen.<\/li>\n<li>Korpus aus massiver Kiefer, Verbindung mit geradem Schaft<\/li>\n<li>Lautsprecher nach Wahl aus dem Celestion-Standardsortiment. Andere Marken und Modelle sind <a href=\"\/index.php\/contact\">auf Anfrage<\/a> ebenfalls erh\u00e4ltlich.<\/li>\n<li>In einer anderen Ausf\u00fchrung? Eine andere Farbe? Eine zus\u00e4tzliche Option gew\u00fcnscht?  <a href=\"\/index.php\/contact\">Kontaktiere uns !<\/a><\/li>\n<\/ul>\n<p><a name=\"identifier\"><\/a><\/p>\n<div class=\"nv-iframe-embed\"><iframe title=\"Rutherberg Redwood combo - Daniel Chavet\" width=\"1200\" height=\"675\" src=\"https:\/\/www.youtube.com\/embed\/NOfPTAQbaFw?feature=oembed\" frameborder=\"0\" allow=\"accelerometer; autoplay; clipboard-write; encrypted-media; gyroscope; picture-in-picture; web-share\" referrerpolicy=\"strict-origin-when-cross-origin\" allowfullscreen><\/iframe><\/div>\n<div class=\"nv-iframe-embed\"><iframe title=\"Rutherberg Redwood - Quick test\" width=\"1200\" height=\"675\" src=\"https:\/\/www.youtube.com\/embed\/tdCYFdV8tAI?feature=oembed\" frameborder=\"0\" allow=\"accelerometer; autoplay; clipboard-write; encrypted-media; gyroscope; picture-in-picture; web-share\" referrerpolicy=\"strict-origin-when-cross-origin\" allowfullscreen><\/iframe><\/div>\n<p>&nbsp;<\/p>\n","protected":false},"excerpt":{"rendered":"<p><a href=\"#identifier\">Videos<\/a><\/p>\n","protected":false},"featured_media":2639,"template":"","meta":{"_monsterinsights_skip_tracking":false,"_monsterinsights_sitenote_active":false,"_monsterinsights_sitenote_note":"","_monsterinsights_sitenote_category":0,"neve_meta_sidebar":"","neve_meta_container":"","neve_meta_enable_content_width":"off","neve_meta_content_width":70,"neve_meta_title_alignment":"","neve_meta_author_avatar":"","neve_post_elements_order":"","neve_meta_disable_header":"","neve_meta_disable_footer":"","neve_meta_disable_title":""},"product_brand":[],"product_cat":[53],"product_tag":[54],"class_list":{"0":"post-2957","1":"product","2":"type-product","3":"status-publish","4":"has-post-thumbnail","6":"product_cat-amps-de","7":"product_tag-verstarker","9":"first","10":"onbackorder","11":"taxable","12":"shipping-taxable","13":"purchasable","14":"product-type-simple"},"_links":{"self":[{"href":"https:\/\/rutherberg.com\/de\/wp-json\/wp\/v2\/product\/2957","targetHints":{"allow":["GET"]}}],"collection":[{"href":"https:\/\/rutherberg.com\/de\/wp-json\/wp\/v2\/product"}],"about":[{"href":"https:\/\/rutherberg.com\/de\/wp-json\/wp\/v2\/types\/product"}],"version-history":[{"count":0,"href":"https:\/\/rutherberg.com\/de\/wp-json\/wp\/v2\/product\/2957\/revisions"}],"wp:featuredmedia":[{"embeddable":true,"href":"https:\/\/rutherberg.com\/de\/wp-json\/wp\/v2\/media\/2639"}],"wp:attachment":[{"href":"https:\/\/rutherberg.com\/de\/wp-json\/wp\/v2\/media?parent=2957"}],"wp:term":[{"taxonomy":"product_brand","embeddable":true,"href":"https:\/\/rutherberg.com\/de\/wp-json\/wp\/v2\/product_brand?post=2957"},{"taxonomy":"product_cat","embeddable":true,"href":"https:\/\/rutherberg.com\/de\/wp-json\/wp\/v2\/product_cat?post=2957"},{"taxonomy":"product_tag","embeddable":true,"href":"https:\/\/rutherberg.com\/de\/wp-json\/wp\/v2\/product_tag?post=2957"}],"curies":[{"name":"wp","href":"https:\/\/api.w.org\/{rel}","templated":true}]}}