{"id":2929,"date":"2020-12-09T12:48:31","date_gmt":"2020-12-09T11:48:31","guid":{"rendered":"https:\/\/rutherberg.com\/produit\/cab-2x12-classic\/"},"modified":"2020-12-09T12:48:31","modified_gmt":"2020-12-09T11:48:31","slug":"cab-2x12-classic","status":"publish","type":"product","link":"https:\/\/rutherberg.com\/de\/produit\/cab-2x12-classic\/","title":{"rendered":"Cab 2&#215;12&#8243; Classic"},"content":{"rendered":"<ul>\n<li>2&#215;12&#8243;-Kabinett mit Celestion-Lautsprechern nach Wahl: A-type, V-type, G12T-75, Greenback, Midnight 60, Seventy 80, G12T-Hot100 (oder andere auf Kostenvoranschlag)<\/li>\n<li>Andere Lautsprecher m\u00f6glich <a href=\"\/index.php\/contact\/\"><br \/>\n  <u>auf Anfrage<\/u><br \/>\n<\/a><\/li>\n<li>Erh\u00e4ltlich als Open Back, Closed Back oder Convertible.<\/li>\n<li>Herstellung aus 15 mm Birkenmultiplex, 11-fach geschichtet<\/li>\n<li>Gerader Schaft f\u00fcr Robustheit und optimale Resonanz<\/li>\n<li>Tolex, Grillcloth und Piping zur Auswahl<\/li>\n<li>In einer anderen Ausf\u00fchrung? Eine andere Farbe? M\u00f6chten Sie eine zus\u00e4tzliche Option? <a href=\"\/index.php\/contact\/\"><br \/>\n  <u>Kontaktieren Sie uns<\/u><br \/>\n<\/a> !<\/li>\n<\/ul>\n<p>&nbsp;<\/p>\n<p>&nbsp;<\/p>\n","protected":false},"excerpt":{"rendered":"<p>2&#215;12&#8243;-Kabinett mit Celestion-Lautsprechern nach Wahl: A-type, V-type, G12T-75, Greenback, Midnight 60, Seventy 80, G12T-Hot100 (oder andere auf Kostenvoranschlag) Andere Lautsprecher m\u00f6glich auf Anfrage Erh\u00e4ltlich als Open Back, Closed Back oder Convertible. Herstellung aus 15 mm Birkenmultiplex, 11-fach geschichtet Gerader Schaft f\u00fcr Robustheit und optimale Resonanz Tolex, Grillcloth und Piping zur Auswahl In einer anderen Ausf\u00fchrung?&hellip;&nbsp;<a href=\"https:\/\/rutherberg.com\/de\/produit\/cab-2x12-classic\/\" rel=\"bookmark\">Weiterlesen &raquo;<span class=\"screen-reader-text\">Cab 2&#215;12&#8243; Classic<\/span><\/a><\/p>\n","protected":false},"featured_media":2667,"template":"","meta":{"_monsterinsights_skip_tracking":false,"_monsterinsights_sitenote_active":false,"_monsterinsights_sitenote_note":"","_monsterinsights_sitenote_category":0,"neve_meta_sidebar":"","neve_meta_container":"","neve_meta_enable_content_width":"off","neve_meta_content_width":100,"neve_meta_title_alignment":"","neve_meta_author_avatar":"","neve_post_elements_order":"","neve_meta_disable_header":"","neve_meta_disable_footer":"","neve_meta_disable_title":""},"product_brand":[],"product_cat":[56],"product_tag":[],"class_list":{"0":"post-2929","1":"product","2":"type-product","3":"status-publish","4":"has-post-thumbnail","6":"product_cat-cabs-de","8":"first","9":"onbackorder","10":"taxable","11":"shipping-taxable","12":"purchasable","13":"product-type-variable"},"_links":{"self":[{"href":"https:\/\/rutherberg.com\/de\/wp-json\/wp\/v2\/product\/2929","targetHints":{"allow":["GET"]}}],"collection":[{"href":"https:\/\/rutherberg.com\/de\/wp-json\/wp\/v2\/product"}],"about":[{"href":"https:\/\/rutherberg.com\/de\/wp-json\/wp\/v2\/types\/product"}],"version-history":[{"count":0,"href":"https:\/\/rutherberg.com\/de\/wp-json\/wp\/v2\/product\/2929\/revisions"}],"wp:featuredmedia":[{"embeddable":true,"href":"https:\/\/rutherberg.com\/de\/wp-json\/wp\/v2\/media\/2667"}],"wp:attachment":[{"href":"https:\/\/rutherberg.com\/de\/wp-json\/wp\/v2\/media?parent=2929"}],"wp:term":[{"taxonomy":"product_brand","embeddable":true,"href":"https:\/\/rutherberg.com\/de\/wp-json\/wp\/v2\/product_brand?post=2929"},{"taxonomy":"product_cat","embeddable":true,"href":"https:\/\/rutherberg.com\/de\/wp-json\/wp\/v2\/product_cat?post=2929"},{"taxonomy":"product_tag","embeddable":true,"href":"https:\/\/rutherberg.com\/de\/wp-json\/wp\/v2\/product_tag?post=2929"}],"curies":[{"name":"wp","href":"https:\/\/api.w.org\/{rel}","templated":true}]}}