{"id":2903,"date":"2020-12-09T14:46:15","date_gmt":"2020-12-09T13:46:15","guid":{"rendered":"https:\/\/rutherberg.com\/produit\/cab-4x12\/"},"modified":"2020-12-09T14:46:15","modified_gmt":"2020-12-09T13:46:15","slug":"cab-4x12","status":"publish","type":"product","link":"https:\/\/rutherberg.com\/de\/produit\/cab-4x12\/","title":{"rendered":"Cab 4&#215;12&#8243;."},"content":{"rendered":"<ul>\n<li>4&#215;12&#8243;-Kabinett mit Celestion-Lautsprechern nach Wahl: Greenback\/Vintage 30\/G12T-75\/G12K-100\/A-Type\/V-Type<\/li>\n<li>Andere Lautsprecher m\u00f6glich <a href=\"\/index.php\/contact\/\"><br \/>\n  <u>auf Anfrage<\/u><br \/>\n<\/a><\/li>\n<li>Geneigtes Frontpanel f\u00fcr eine bessere Streuung<\/li>\n<li>Aus 18 mm Birkenmultiplex, 13-fach geschichtet<\/li>\n<li>Gerader Schaft f\u00fcr Robustheit und optimale Resonanz<\/li>\n<li>Tolex, Grillcloth und Piping zur Auswahl<\/li>\n<li>In einer anderen Ausf\u00fchrung? Eine andere Farbe? M\u00f6chten Sie eine zus\u00e4tzliche Option? <a href=\"\/index.php\/contact\/\"><br \/>\n  <u>Kontaktieren Sie uns<\/u><br \/>\n<\/a> !<\/li>\n<\/ul>\n<p>&nbsp;<\/p>\n<p>&nbsp;<\/p>\n","protected":false},"excerpt":{"rendered":"<p>4&#215;12&#8243;-Kabinett mit Celestion-Lautsprechern nach Wahl: Greenback\/Vintage 30\/G12T-75\/G12K-100\/A-Type\/V-Type Andere Lautsprecher m\u00f6glich auf Anfrage Geneigtes Frontpanel f\u00fcr eine bessere Streuung Aus 18 mm Birkenmultiplex, 13-fach geschichtet Gerader Schaft f\u00fcr Robustheit und optimale Resonanz Tolex, Grillcloth und Piping zur Auswahl In einer anderen Ausf\u00fchrung? Eine andere Farbe? M\u00f6chten Sie eine zus\u00e4tzliche Option? Kontaktieren Sie uns ! &nbsp; &nbsp;<\/p>\n","protected":false},"featured_media":2489,"template":"","meta":{"_monsterinsights_skip_tracking":false,"_monsterinsights_sitenote_active":false,"_monsterinsights_sitenote_note":"","_monsterinsights_sitenote_category":0,"neve_meta_sidebar":"","neve_meta_container":"","neve_meta_enable_content_width":"off","neve_meta_content_width":100,"neve_meta_title_alignment":"","neve_meta_author_avatar":"","neve_post_elements_order":"","neve_meta_disable_header":"","neve_meta_disable_footer":"","neve_meta_disable_title":""},"product_brand":[],"product_cat":[56],"product_tag":[],"class_list":{"0":"post-2903","1":"product","2":"type-product","3":"status-publish","4":"has-post-thumbnail","6":"product_cat-cabs-de","8":"first","9":"onbackorder","10":"taxable","11":"shipping-taxable","12":"purchasable","13":"product-type-simple"},"_links":{"self":[{"href":"https:\/\/rutherberg.com\/de\/wp-json\/wp\/v2\/product\/2903","targetHints":{"allow":["GET"]}}],"collection":[{"href":"https:\/\/rutherberg.com\/de\/wp-json\/wp\/v2\/product"}],"about":[{"href":"https:\/\/rutherberg.com\/de\/wp-json\/wp\/v2\/types\/product"}],"version-history":[{"count":0,"href":"https:\/\/rutherberg.com\/de\/wp-json\/wp\/v2\/product\/2903\/revisions"}],"wp:featuredmedia":[{"embeddable":true,"href":"https:\/\/rutherberg.com\/de\/wp-json\/wp\/v2\/media\/2489"}],"wp:attachment":[{"href":"https:\/\/rutherberg.com\/de\/wp-json\/wp\/v2\/media?parent=2903"}],"wp:term":[{"taxonomy":"product_brand","embeddable":true,"href":"https:\/\/rutherberg.com\/de\/wp-json\/wp\/v2\/product_brand?post=2903"},{"taxonomy":"product_cat","embeddable":true,"href":"https:\/\/rutherberg.com\/de\/wp-json\/wp\/v2\/product_cat?post=2903"},{"taxonomy":"product_tag","embeddable":true,"href":"https:\/\/rutherberg.com\/de\/wp-json\/wp\/v2\/product_tag?post=2903"}],"curies":[{"name":"wp","href":"https:\/\/api.w.org\/{rel}","templated":true}]}}