{"id":2827,"date":"2024-05-09T21:37:10","date_gmt":"2024-05-09T19:37:10","guid":{"rendered":"https:\/\/rutherberg.com\/produit\/undead\/"},"modified":"2025-02-03T12:27:14","modified_gmt":"2025-02-03T11:27:14","slug":"undead","status":"publish","type":"product","link":"https:\/\/rutherberg.com\/de\/produit\/undead\/","title":{"rendered":"Undead Fuzz"},"content":{"rendered":"<p>Unsere NPN-Silikonversion des legend\u00e4ren Fuzz Face!<\/p>\n<p>Neben den klassischen Reglern f\u00fcr Verst\u00e4rkung (Mold) und Lautst\u00e4rke (Brain) gibt es einen Vorfilter (Flesh), der die in den Kreislauf eintretenden B\u00e4sse kontrolliert, um mehr F\u00fclle (Solos) oder mehr Pr\u00e4zision (Rhythmik) zu erm\u00f6glichen.<\/p>\n<div class=\"nv-iframe-embed\"><iframe title=\"Rutherberg Undead Fuzz - Les Paul &amp; Strat test\" width=\"1200\" height=\"675\" src=\"https:\/\/www.youtube.com\/embed\/2JCzv8pcOag?feature=oembed\" frameborder=\"0\" allow=\"accelerometer; autoplay; clipboard-write; encrypted-media; gyroscope; picture-in-picture; web-share\" referrerpolicy=\"strict-origin-when-cross-origin\" allowfullscreen><\/iframe><\/div>\n","protected":false},"excerpt":{"rendered":"<p>Wenn nicht auf Lager, ca. 3 Wochen f\u00fcr Produktion und Versand<\/p>\n","protected":false},"featured_media":4252,"template":"","meta":{"_monsterinsights_skip_tracking":false,"_monsterinsights_sitenote_active":false,"_monsterinsights_sitenote_note":"","_monsterinsights_sitenote_category":0,"neve_meta_sidebar":"","neve_meta_container":"","neve_meta_enable_content_width":"off","neve_meta_content_width":100,"neve_meta_title_alignment":"","neve_meta_author_avatar":"","neve_post_elements_order":"","neve_meta_disable_header":"","neve_meta_disable_footer":"","neve_meta_disable_title":""},"product_brand":[],"product_cat":[60],"product_tag":[],"class_list":{"0":"post-2827","1":"product","2":"type-product","3":"status-publish","4":"has-post-thumbnail","6":"product_cat-pedalen","7":"product_shipping_class-pedale","9":"first","10":"instock","11":"taxable","12":"shipping-taxable","13":"purchasable","14":"product-type-simple"},"_links":{"self":[{"href":"https:\/\/rutherberg.com\/de\/wp-json\/wp\/v2\/product\/2827","targetHints":{"allow":["GET"]}}],"collection":[{"href":"https:\/\/rutherberg.com\/de\/wp-json\/wp\/v2\/product"}],"about":[{"href":"https:\/\/rutherberg.com\/de\/wp-json\/wp\/v2\/types\/product"}],"version-history":[{"count":4,"href":"https:\/\/rutherberg.com\/de\/wp-json\/wp\/v2\/product\/2827\/revisions"}],"predecessor-version":[{"id":4188,"href":"https:\/\/rutherberg.com\/de\/wp-json\/wp\/v2\/product\/2827\/revisions\/4188"}],"wp:featuredmedia":[{"embeddable":true,"href":"https:\/\/rutherberg.com\/de\/wp-json\/wp\/v2\/media\/4252"}],"wp:attachment":[{"href":"https:\/\/rutherberg.com\/de\/wp-json\/wp\/v2\/media?parent=2827"}],"wp:term":[{"taxonomy":"product_brand","embeddable":true,"href":"https:\/\/rutherberg.com\/de\/wp-json\/wp\/v2\/product_brand?post=2827"},{"taxonomy":"product_cat","embeddable":true,"href":"https:\/\/rutherberg.com\/de\/wp-json\/wp\/v2\/product_cat?post=2827"},{"taxonomy":"product_tag","embeddable":true,"href":"https:\/\/rutherberg.com\/de\/wp-json\/wp\/v2\/product_tag?post=2827"}],"curies":[{"name":"wp","href":"https:\/\/api.w.org\/{rel}","templated":true}]}}