{"id":2808,"date":"2020-12-10T00:23:45","date_gmt":"2020-12-09T23:23:45","guid":{"rendered":"https:\/\/rutherberg.com\/produit\/kit-cab-1x8\/"},"modified":"2020-12-10T00:23:45","modified_gmt":"2020-12-09T23:23:45","slug":"kit-cab-1x8","status":"publish","type":"product","link":"https:\/\/rutherberg.com\/de\/produit\/kit-cab-1x8\/","title":{"rendered":"Kit cab 1&#215;8&#8243;"},"content":{"rendered":"<p>Mit diesem kleinen 1&#215;8&#8243; Cab als Bausatz wecken Sie den DIYer in Ihnen !<\/p>\n<p>Spa\u00df und Zufriedenheit garantiert ! Einfacher Zusammenbau, Sie ben\u00f6tigen nur wenig Werkzeug f\u00fcr die Montage<\/p>\n<p>Was im Kit enthalten ist :<\/p>\n<ul>\n<li>Alle Platten, die f\u00fcr den Zusammenbau des Kastens ben\u00f6tigt werden<\/li>\n<li>Alle Schrauben, Unterlegscheiben, F\u00fc\u00dfe, Jackhalter,&#8230;<\/li>\n<li>Eine vorverdrahtete Klinkenbuchse mit Schnellanschluss am Lautsprecher<\/li>\n<li>Lautsprecher Celestion Eight 15 (8 Ohm\/20W)<\/li>\n<li>Das Tuch, das vor den Lautsprecher kommt (grillcloth)<\/li>\n<\/ul>\n<p>Ben\u00f6tigte Werkzeuge und Materialien :<\/p>\n<ul>\n<li>Schraubendreher, oder idealerweise Schrauber mit Kreuzschlitzaufsatz (PH2)<\/li>\n<li>Holzleim<\/li>\n<li>Hefter und Klammern, um die Leinwand zu befestigen<\/li>\n<li>Glaspapier, obwohl der Bausatz vorgeschliffen ist<\/li>\n<li>Federklemme oder Schraubzwinge<\/li>\n<li>Optional eine Farbe, Beize, Lack,&#8230; f\u00fcr den letzten Schliff<\/li>\n<\/ul>\n<p>Wenn vormontiert, wird nur der Korpus zusammengebaut und verleimt, f\u00fcr den Rest sind Sie zust\u00e4ndig !<\/p>\n<p>Eine zus\u00e4tzliche Option oder einen anderen Lautsprecher gew\u00fcnscht ? <a href=\"\/index.php\/contact\/\"><u>Kontaktieren Sie uns<\/u><\/a> !<\/p>\n","protected":false},"excerpt":{"rendered":"<p>Mit diesem kleinen 1&#215;8&#8243; Cab als Bausatz wecken Sie den DIYer in Ihnen ! Spa\u00df und Zufriedenheit garantiert ! Einfacher Zusammenbau, Sie ben\u00f6tigen nur wenig Werkzeug f\u00fcr die Montage Was im Kit enthalten ist : Alle Platten, die f\u00fcr den Zusammenbau des Kastens ben\u00f6tigt werden Alle Schrauben, Unterlegscheiben, F\u00fc\u00dfe, Jackhalter,&#8230; Eine vorverdrahtete Klinkenbuchse mit Schnellanschluss&hellip;&nbsp;<a href=\"https:\/\/rutherberg.com\/de\/produit\/kit-cab-1x8\/\" rel=\"bookmark\">Weiterlesen &raquo;<span class=\"screen-reader-text\">Kit cab 1&#215;8&#8243;<\/span><\/a><\/p>\n","protected":false},"featured_media":2521,"template":"","meta":{"_monsterinsights_skip_tracking":false,"_monsterinsights_sitenote_active":false,"_monsterinsights_sitenote_note":"","_monsterinsights_sitenote_category":0,"neve_meta_sidebar":"","neve_meta_container":"","neve_meta_enable_content_width":"off","neve_meta_content_width":100,"neve_meta_title_alignment":"","neve_meta_author_avatar":"","neve_post_elements_order":"","neve_meta_disable_header":"","neve_meta_disable_footer":"","neve_meta_disable_title":""},"product_brand":[],"product_cat":[56,64],"product_tag":[],"class_list":{"0":"post-2808","1":"product","2":"type-product","3":"status-publish","4":"has-post-thumbnail","6":"product_cat-cabs-de","7":"product_cat-kits-de","9":"first","10":"instock","11":"taxable","12":"shipping-taxable","13":"purchasable","14":"product-type-variable","15":"has-default-attributes"},"_links":{"self":[{"href":"https:\/\/rutherberg.com\/de\/wp-json\/wp\/v2\/product\/2808","targetHints":{"allow":["GET"]}}],"collection":[{"href":"https:\/\/rutherberg.com\/de\/wp-json\/wp\/v2\/product"}],"about":[{"href":"https:\/\/rutherberg.com\/de\/wp-json\/wp\/v2\/types\/product"}],"version-history":[{"count":0,"href":"https:\/\/rutherberg.com\/de\/wp-json\/wp\/v2\/product\/2808\/revisions"}],"wp:featuredmedia":[{"embeddable":true,"href":"https:\/\/rutherberg.com\/de\/wp-json\/wp\/v2\/media\/2521"}],"wp:attachment":[{"href":"https:\/\/rutherberg.com\/de\/wp-json\/wp\/v2\/media?parent=2808"}],"wp:term":[{"taxonomy":"product_brand","embeddable":true,"href":"https:\/\/rutherberg.com\/de\/wp-json\/wp\/v2\/product_brand?post=2808"},{"taxonomy":"product_cat","embeddable":true,"href":"https:\/\/rutherberg.com\/de\/wp-json\/wp\/v2\/product_cat?post=2808"},{"taxonomy":"product_tag","embeddable":true,"href":"https:\/\/rutherberg.com\/de\/wp-json\/wp\/v2\/product_tag?post=2808"}],"curies":[{"name":"wp","href":"https:\/\/api.w.org\/{rel}","templated":true}]}}