{"id":2800,"date":"2020-12-14T11:17:35","date_gmt":"2020-12-14T10:17:35","guid":{"rendered":"https:\/\/rutherberg.com\/produit\/geschenk-karte\/"},"modified":"2020-12-14T11:17:35","modified_gmt":"2020-12-14T10:17:35","slug":"geschenk-karte","status":"publish","type":"product","link":"https:\/\/rutherberg.com\/de\/produit\/geschenk-karte\/","title":{"rendered":"Geschenk-Karte"},"content":{"rendered":"<p>Einem Musiker ein Geschenk zu machen, ist f\u00fcr den Laien nicht immer eine leichte Aufgabe.<\/p>\n<p>Verschenken Sie eine Geschenkkarte bei Rutherberg Amplification !<\/p>\n<p>G\u00fcltig f\u00fcr eine Wartung, Reparatur, einen neuen Verst\u00e4rker, ein Pedal,&#8230; Sei es \u00fcber den Webshop oder direkt in der Werkstatt !<\/p>\n<p>Die Qual der Wahl !<\/p>\n<p>Haben Sie eine Frage ? <a href=\"\/index.php\/contact\/\"><u>Kontaktieren Sie uns<\/u><\/a> !<\/p>\n","protected":false},"excerpt":{"rendered":"<p>Einem Musiker ein Geschenk zu machen, ist f\u00fcr den Laien nicht immer eine leichte Aufgabe. Verschenken Sie eine Geschenkkarte bei Rutherberg Amplification ! G\u00fcltig f\u00fcr eine Wartung, Reparatur, einen neuen Verst\u00e4rker, ein Pedal,&#8230; Sei es \u00fcber den Webshop oder direkt in der Werkstatt ! Die Qual der Wahl ! Haben Sie eine Frage ? Kontaktieren&hellip;&nbsp;<a href=\"https:\/\/rutherberg.com\/de\/produit\/geschenk-karte\/\" rel=\"bookmark\">Weiterlesen &raquo;<span class=\"screen-reader-text\">Geschenk-Karte<\/span><\/a><\/p>\n","protected":false},"featured_media":2577,"template":"","meta":{"_monsterinsights_skip_tracking":false,"_monsterinsights_sitenote_active":false,"_monsterinsights_sitenote_note":"","_monsterinsights_sitenote_category":0,"neve_meta_sidebar":"","neve_meta_container":"","neve_meta_enable_content_width":"off","neve_meta_content_width":100,"neve_meta_title_alignment":"","neve_meta_author_avatar":"","neve_post_elements_order":"","neve_meta_disable_header":"","neve_meta_disable_footer":"","neve_meta_disable_title":""},"product_brand":[],"product_cat":[62],"product_tag":[],"class_list":{"0":"post-2800","1":"product","2":"type-product","3":"status-publish","4":"has-post-thumbnail","6":"product_cat-geschenk-karte","8":"first","9":"instock","10":"taxable","11":"shipping-taxable","12":"purchasable","13":"product-type-pw-gift-card"},"_links":{"self":[{"href":"https:\/\/rutherberg.com\/de\/wp-json\/wp\/v2\/product\/2800","targetHints":{"allow":["GET"]}}],"collection":[{"href":"https:\/\/rutherberg.com\/de\/wp-json\/wp\/v2\/product"}],"about":[{"href":"https:\/\/rutherberg.com\/de\/wp-json\/wp\/v2\/types\/product"}],"version-history":[{"count":0,"href":"https:\/\/rutherberg.com\/de\/wp-json\/wp\/v2\/product\/2800\/revisions"}],"wp:featuredmedia":[{"embeddable":true,"href":"https:\/\/rutherberg.com\/de\/wp-json\/wp\/v2\/media\/2577"}],"wp:attachment":[{"href":"https:\/\/rutherberg.com\/de\/wp-json\/wp\/v2\/media?parent=2800"}],"wp:term":[{"taxonomy":"product_brand","embeddable":true,"href":"https:\/\/rutherberg.com\/de\/wp-json\/wp\/v2\/product_brand?post=2800"},{"taxonomy":"product_cat","embeddable":true,"href":"https:\/\/rutherberg.com\/de\/wp-json\/wp\/v2\/product_cat?post=2800"},{"taxonomy":"product_tag","embeddable":true,"href":"https:\/\/rutherberg.com\/de\/wp-json\/wp\/v2\/product_tag?post=2800"}],"curies":[{"name":"wp","href":"https:\/\/api.w.org\/{rel}","templated":true}]}}