{"id":2788,"date":"2022-07-09T14:38:08","date_gmt":"2022-07-09T12:38:08","guid":{"rendered":"https:\/\/rutherberg.com\/produit\/behringer-ultrabass-bxl3000a\/"},"modified":"2022-07-09T14:38:08","modified_gmt":"2022-07-09T12:38:08","slug":"behringer-ultrabass-bxl3000a","status":"publish","type":"product","link":"https:\/\/rutherberg.com\/de\/produit\/behringer-ultrabass-bxl3000a\/","title":{"rendered":"Behringer Ultrabass BXL3000A"},"content":{"rendered":"<p>Combo-Bass Behringer Ultrabass BXL3000A in ausgezeichnetem Zustand, vollst\u00e4ndig \u00fcberpr\u00fcft. Der 15&#8243;-Lautsprecher ist neu.<\/p>\n<p>Abholung nur in der Werkstatt.<\/p>\n","protected":false},"excerpt":{"rendered":"<p>Combo-Bass Behringer Ultrabass BXL3000A in ausgezeichnetem Zustand, vollst\u00e4ndig \u00fcberpr\u00fcft. Der 15&#8243;-Lautsprecher ist neu. Abholung nur in der Werkstatt.<\/p>\n","protected":false},"featured_media":2611,"template":"","meta":{"_monsterinsights_skip_tracking":false,"_monsterinsights_sitenote_active":false,"_monsterinsights_sitenote_note":"","_monsterinsights_sitenote_category":0,"neve_meta_sidebar":"","neve_meta_container":"","neve_meta_enable_content_width":"off","neve_meta_content_width":100,"neve_meta_title_alignment":"","neve_meta_author_avatar":"","neve_post_elements_order":"","neve_meta_disable_header":"","neve_meta_disable_footer":"","neve_meta_disable_title":""},"product_brand":[],"product_cat":[58],"product_tag":[],"class_list":{"0":"post-2788","1":"product","2":"type-product","3":"status-publish","4":"has-post-thumbnail","6":"product_cat-second-hand-de","8":"first","9":"instock","10":"virtual","11":"sold-individually","12":"purchasable","13":"product-type-simple"},"_links":{"self":[{"href":"https:\/\/rutherberg.com\/de\/wp-json\/wp\/v2\/product\/2788","targetHints":{"allow":["GET"]}}],"collection":[{"href":"https:\/\/rutherberg.com\/de\/wp-json\/wp\/v2\/product"}],"about":[{"href":"https:\/\/rutherberg.com\/de\/wp-json\/wp\/v2\/types\/product"}],"version-history":[{"count":0,"href":"https:\/\/rutherberg.com\/de\/wp-json\/wp\/v2\/product\/2788\/revisions"}],"wp:featuredmedia":[{"embeddable":true,"href":"https:\/\/rutherberg.com\/de\/wp-json\/wp\/v2\/media\/2611"}],"wp:attachment":[{"href":"https:\/\/rutherberg.com\/de\/wp-json\/wp\/v2\/media?parent=2788"}],"wp:term":[{"taxonomy":"product_brand","embeddable":true,"href":"https:\/\/rutherberg.com\/de\/wp-json\/wp\/v2\/product_brand?post=2788"},{"taxonomy":"product_cat","embeddable":true,"href":"https:\/\/rutherberg.com\/de\/wp-json\/wp\/v2\/product_cat?post=2788"},{"taxonomy":"product_tag","embeddable":true,"href":"https:\/\/rutherberg.com\/de\/wp-json\/wp\/v2\/product_tag?post=2788"}],"curies":[{"name":"wp","href":"https:\/\/api.w.org\/{rel}","templated":true}]}}