{"id":2786,"date":"2022-07-09T17:36:47","date_gmt":"2022-07-09T15:36:47","guid":{"rendered":"https:\/\/rutherberg.com\/produit\/cab-2x12-universal\/"},"modified":"2022-07-09T17:36:47","modified_gmt":"2022-07-09T15:36:47","slug":"cab-2x12-universal","status":"publish","type":"product","link":"https:\/\/rutherberg.com\/de\/produit\/cab-2x12-universal\/","title":{"rendered":"Cab 2&#215;12&#8243; Universal"},"content":{"rendered":"<ul>\n<li>2&#215;12&#8243; Box mit Celestion-Lautsprechern nach Wahl : A-type, V-type, G12T-75, Greenback, Midnight 60, Seventy 80, G12T-Hot100 (oder andere auf Kostenvoranschlag)<\/li>\n<li>Weitere Lautsprecher <a href=\"\/index.php\/contact\/\"><u>auf Anfrage<\/u><\/a> m\u00f6glich<\/li>\n<li>Disponible en offenem R\u00fccken, geschlossenem R\u00fccken oder Cabrio<\/li>\n<li>Herstellung aus FSC-zertifiziertem Birkenmultiplex 15mm 11-lagig<\/li>\n<li>Gerade Schwanzverbindung f\u00fcr Robustheit und optimale Resonanz<\/li>\n<li>Tolex, Grillcloth und Piping zur Auswahl<\/li>\n<li>In einem anderen Finish ? Eine andere Farbe ? Eine zus\u00e4tzliche Option gew\u00fcnscht ? <a href=\"\/index.php\/contact\/\"><u>Kontaktieren Sie uns<\/u><\/a> !<\/li>\n<\/ul>\n<p>&nbsp;<\/p>\n<p>&nbsp;<\/p>\n","protected":false},"excerpt":{"rendered":"<p>2&#215;12&#8243; Box mit Celestion-Lautsprechern nach Wahl : A-type, V-type, G12T-75, Greenback, Midnight 60, Seventy 80, G12T-Hot100 (oder andere auf Kostenvoranschlag) Weitere Lautsprecher auf Anfrage m\u00f6glich Disponible en offenem R\u00fccken, geschlossenem R\u00fccken oder Cabrio Herstellung aus FSC-zertifiziertem Birkenmultiplex 15mm 11-lagig Gerade Schwanzverbindung f\u00fcr Robustheit und optimale Resonanz Tolex, Grillcloth und Piping zur Auswahl In einem anderen&hellip;&nbsp;<a href=\"https:\/\/rutherberg.com\/de\/produit\/cab-2x12-universal\/\" rel=\"bookmark\">Weiterlesen &raquo;<span class=\"screen-reader-text\">Cab 2&#215;12&#8243; Universal<\/span><\/a><\/p>\n","protected":false},"featured_media":2621,"template":"","meta":{"_monsterinsights_skip_tracking":false,"_monsterinsights_sitenote_active":false,"_monsterinsights_sitenote_note":"","_monsterinsights_sitenote_category":0,"neve_meta_sidebar":"","neve_meta_container":"","neve_meta_enable_content_width":"off","neve_meta_content_width":100,"neve_meta_title_alignment":"","neve_meta_author_avatar":"","neve_post_elements_order":"","neve_meta_disable_header":"","neve_meta_disable_footer":"","neve_meta_disable_title":""},"product_brand":[],"product_cat":[56],"product_tag":[],"class_list":{"0":"post-2786","1":"product","2":"type-product","3":"status-publish","4":"has-post-thumbnail","6":"product_cat-cabs-de","8":"first","9":"instock","10":"taxable","11":"shipping-taxable","12":"purchasable","13":"product-type-simple"},"_links":{"self":[{"href":"https:\/\/rutherberg.com\/de\/wp-json\/wp\/v2\/product\/2786","targetHints":{"allow":["GET"]}}],"collection":[{"href":"https:\/\/rutherberg.com\/de\/wp-json\/wp\/v2\/product"}],"about":[{"href":"https:\/\/rutherberg.com\/de\/wp-json\/wp\/v2\/types\/product"}],"version-history":[{"count":0,"href":"https:\/\/rutherberg.com\/de\/wp-json\/wp\/v2\/product\/2786\/revisions"}],"wp:featuredmedia":[{"embeddable":true,"href":"https:\/\/rutherberg.com\/de\/wp-json\/wp\/v2\/media\/2621"}],"wp:attachment":[{"href":"https:\/\/rutherberg.com\/de\/wp-json\/wp\/v2\/media?parent=2786"}],"wp:term":[{"taxonomy":"product_brand","embeddable":true,"href":"https:\/\/rutherberg.com\/de\/wp-json\/wp\/v2\/product_brand?post=2786"},{"taxonomy":"product_cat","embeddable":true,"href":"https:\/\/rutherberg.com\/de\/wp-json\/wp\/v2\/product_cat?post=2786"},{"taxonomy":"product_tag","embeddable":true,"href":"https:\/\/rutherberg.com\/de\/wp-json\/wp\/v2\/product_tag?post=2786"}],"curies":[{"name":"wp","href":"https:\/\/api.w.org\/{rel}","templated":true}]}}