{"id":2784,"date":"2023-01-05T17:15:17","date_gmt":"2023-01-05T16:15:17","guid":{"rendered":"https:\/\/rutherberg.com\/produit\/800\/"},"modified":"2023-01-05T17:15:17","modified_gmt":"2023-01-05T16:15:17","slug":"800","status":"publish","type":"product","link":"https:\/\/rutherberg.com\/de\/produit\/800\/","title":{"rendered":"&#8222;800&#8220;"},"content":{"rendered":"<ul>\n<li>Unser Nachbau des ber\u00fchmten Marshall JCM800 2204, einer Legende der 80er Jahre !<\/li>\n<li>Leistung : 50W (2x EL34)<\/li>\n<li>Optionaler aktiver Effekt-Loop<\/li>\n<li>2 Lautsprecherausg\u00e4nge mit Impedanzwahlschalter: 4, 8 oder 16 Ohm<\/li>\n<li>In einem anderen Finish ? Eine andere Farbe ? Eine zus\u00e4tzliche Option gew\u00fcnscht ? <a href=\"\/index.php\/contact\">Kontaktiere uns !<\/a><\/li>\n<\/ul>\n<hr>\n<p>&nbsp;<\/p>\n","protected":false},"excerpt":{"rendered":"<p>Unser Nachbau des ber\u00fchmten Marshall JCM800 2204, einer Legende der 80er Jahre ! Leistung : 50W (2x EL34) Optionaler aktiver Effekt-Loop 2 Lautsprecherausg\u00e4nge mit Impedanzwahlschalter: 4, 8 oder 16 Ohm In einem anderen Finish ? Eine andere Farbe ? Eine zus\u00e4tzliche Option gew\u00fcnscht ? Kontaktiere uns ! &nbsp;<\/p>\n","protected":false},"featured_media":2651,"template":"","meta":{"_monsterinsights_skip_tracking":false,"_monsterinsights_sitenote_active":false,"_monsterinsights_sitenote_note":"","_monsterinsights_sitenote_category":0,"neve_meta_sidebar":"","neve_meta_container":"","neve_meta_enable_content_width":"off","neve_meta_content_width":100,"neve_meta_title_alignment":"","neve_meta_author_avatar":"","neve_post_elements_order":"","neve_meta_disable_header":"","neve_meta_disable_footer":"","neve_meta_disable_title":""},"product_brand":[],"product_cat":[53],"product_tag":[54],"class_list":{"0":"post-2784","1":"product","2":"type-product","3":"status-publish","4":"has-post-thumbnail","6":"product_cat-amps-de","7":"product_tag-verstarker","9":"first","10":"onbackorder","11":"taxable","12":"shipping-taxable","13":"purchasable","14":"product-type-simple"},"_links":{"self":[{"href":"https:\/\/rutherberg.com\/de\/wp-json\/wp\/v2\/product\/2784","targetHints":{"allow":["GET"]}}],"collection":[{"href":"https:\/\/rutherberg.com\/de\/wp-json\/wp\/v2\/product"}],"about":[{"href":"https:\/\/rutherberg.com\/de\/wp-json\/wp\/v2\/types\/product"}],"version-history":[{"count":0,"href":"https:\/\/rutherberg.com\/de\/wp-json\/wp\/v2\/product\/2784\/revisions"}],"wp:featuredmedia":[{"embeddable":true,"href":"https:\/\/rutherberg.com\/de\/wp-json\/wp\/v2\/media\/2651"}],"wp:attachment":[{"href":"https:\/\/rutherberg.com\/de\/wp-json\/wp\/v2\/media?parent=2784"}],"wp:term":[{"taxonomy":"product_brand","embeddable":true,"href":"https:\/\/rutherberg.com\/de\/wp-json\/wp\/v2\/product_brand?post=2784"},{"taxonomy":"product_cat","embeddable":true,"href":"https:\/\/rutherberg.com\/de\/wp-json\/wp\/v2\/product_cat?post=2784"},{"taxonomy":"product_tag","embeddable":true,"href":"https:\/\/rutherberg.com\/de\/wp-json\/wp\/v2\/product_tag?post=2784"}],"curies":[{"name":"wp","href":"https:\/\/api.w.org\/{rel}","templated":true}]}}