{"id":2759,"date":"2020-02-11T17:52:13","date_gmt":"2020-02-11T16:52:13","guid":{"rendered":"https:\/\/rutherberg.com\/reparatur\/"},"modified":"2024-01-09T12:21:59","modified_gmt":"2024-01-09T11:21:59","slug":"reparatur","status":"publish","type":"page","link":"https:\/\/rutherberg.com\/de\/reparatur\/","title":{"rendered":"Reparatur"},"content":{"rendered":"\t\t<div data-elementor-type=\"wp-page\" data-elementor-id=\"2759\" class=\"elementor elementor-2759 elementor-76\" data-elementor-post-type=\"page\">\n\t\t\t\t\t\t<section class=\"elementor-section elementor-top-section elementor-element elementor-element-76bcc7d elementor-section-boxed elementor-section-height-default elementor-section-height-default\" data-id=\"76bcc7d\" data-element_type=\"section\">\n\t\t\t\t\t\t<div class=\"elementor-container elementor-column-gap-default\">\n\t\t\t\t\t<div class=\"elementor-column elementor-col-100 elementor-top-column elementor-element elementor-element-335c2c9\" data-id=\"335c2c9\" data-element_type=\"column\">\n\t\t\t<div class=\"elementor-widget-wrap elementor-element-populated\">\n\t\t\t\t\t\t<div class=\"elementor-element elementor-element-80600f8 elementor-arrows-position-inside elementor-pagination-position-outside elementor-widget elementor-widget-image-carousel\" data-id=\"80600f8\" data-element_type=\"widget\" data-settings=\"{&quot;autoplay_speed&quot;:2000,&quot;navigation&quot;:&quot;both&quot;,&quot;autoplay&quot;:&quot;yes&quot;,&quot;pause_on_hover&quot;:&quot;yes&quot;,&quot;pause_on_interaction&quot;:&quot;yes&quot;,&quot;infinite&quot;:&quot;yes&quot;,&quot;speed&quot;:500}\" data-widget_type=\"image-carousel.default\">\n\t\t\t\t<div class=\"elementor-widget-container\">\n\t\t\t\t\t\t\t<div class=\"elementor-image-carousel-wrapper swiper\" role=\"region\" aria-roledescription=\"carousel\" aria-label=\"Bild Karussell\" dir=\"ltr\">\n\t\t\t<div class=\"elementor-image-carousel swiper-wrapper\" aria-live=\"off\">\n\t\t\t\t\t\t\t\t<div class=\"swiper-slide\" role=\"group\" aria-roledescription=\"slide\" aria-label=\"1 von 13\"><figure class=\"swiper-slide-inner\"><img decoding=\"async\" class=\"swiper-slide-image\" src=\"https:\/\/rutherberg.com\/wp-content\/uploads\/2020\/11\/IMG_20200106_120247-768x576.jpg\" alt=\"IMG_20200106_120247\" \/><\/figure><\/div><div class=\"swiper-slide\" role=\"group\" aria-roledescription=\"slide\" aria-label=\"2 von 13\"><figure class=\"swiper-slide-inner\"><img decoding=\"async\" class=\"swiper-slide-image\" src=\"https:\/\/rutherberg.com\/wp-content\/uploads\/2020\/11\/IMG_20200103_134801-768x576.jpg\" alt=\"IMG_20200103_134801\" \/><\/figure><\/div><div class=\"swiper-slide\" role=\"group\" aria-roledescription=\"slide\" aria-label=\"3 von 13\"><figure class=\"swiper-slide-inner\"><img decoding=\"async\" class=\"swiper-slide-image\" src=\"https:\/\/rutherberg.com\/wp-content\/uploads\/2020\/11\/IMG_20190924_135054-768x576.jpg\" alt=\"IMG_20190924_135054\" \/><\/figure><\/div><div class=\"swiper-slide\" role=\"group\" aria-roledescription=\"slide\" aria-label=\"4 von 13\"><figure class=\"swiper-slide-inner\"><img decoding=\"async\" class=\"swiper-slide-image\" src=\"https:\/\/rutherberg.com\/wp-content\/uploads\/2020\/11\/IMG_20180208_151600-768x576.jpg\" alt=\"IMG_20180208_151600\" \/><\/figure><\/div><div class=\"swiper-slide\" role=\"group\" aria-roledescription=\"slide\" aria-label=\"5 von 13\"><figure class=\"swiper-slide-inner\"><img decoding=\"async\" class=\"swiper-slide-image\" src=\"https:\/\/rutherberg.com\/wp-content\/uploads\/2020\/11\/IMG_20190604_162415-768x576.jpg\" alt=\"IMG_20190604_162415\" \/><\/figure><\/div><div class=\"swiper-slide\" role=\"group\" aria-roledescription=\"slide\" aria-label=\"6 von 13\"><figure class=\"swiper-slide-inner\"><img decoding=\"async\" class=\"swiper-slide-image\" src=\"https:\/\/rutherberg.com\/wp-content\/uploads\/2020\/11\/IMG_20180702_171041-768x576.jpg\" alt=\"IMG_20180702_171041\" \/><\/figure><\/div><div class=\"swiper-slide\" role=\"group\" aria-roledescription=\"slide\" aria-label=\"7 von 13\"><figure class=\"swiper-slide-inner\"><img decoding=\"async\" class=\"swiper-slide-image\" src=\"https:\/\/rutherberg.com\/wp-content\/uploads\/2020\/11\/IMG_20200612_103303-768x576.jpg\" alt=\"IMG_20200612_103303\" \/><\/figure><\/div><div class=\"swiper-slide\" role=\"group\" aria-roledescription=\"slide\" aria-label=\"8 von 13\"><figure class=\"swiper-slide-inner\"><img decoding=\"async\" class=\"swiper-slide-image\" src=\"https:\/\/rutherberg.com\/wp-content\/uploads\/2020\/11\/IMG_20200513_094634-768x576.jpg\" alt=\"IMG_20200513_094634\" \/><\/figure><\/div><div class=\"swiper-slide\" role=\"group\" aria-roledescription=\"slide\" aria-label=\"9 von 13\"><figure class=\"swiper-slide-inner\"><img decoding=\"async\" class=\"swiper-slide-image\" src=\"https:\/\/rutherberg.com\/wp-content\/uploads\/2020\/11\/IMG_20200505_125832-768x576.jpg\" alt=\"IMG_20200505_125832\" \/><\/figure><\/div><div class=\"swiper-slide\" role=\"group\" aria-roledescription=\"slide\" aria-label=\"10 von 13\"><figure class=\"swiper-slide-inner\"><img decoding=\"async\" class=\"swiper-slide-image\" src=\"https:\/\/rutherberg.com\/wp-content\/uploads\/2020\/11\/IMG_20200505_124608-768x576.jpg\" alt=\"IMG_20200505_124608\" \/><\/figure><\/div><div class=\"swiper-slide\" role=\"group\" aria-roledescription=\"slide\" aria-label=\"11 von 13\"><figure class=\"swiper-slide-inner\"><img decoding=\"async\" class=\"swiper-slide-image\" src=\"https:\/\/rutherberg.com\/wp-content\/uploads\/2020\/11\/IMG_20200505_122524-768x576.jpg\" alt=\"IMG_20200505_122524\" \/><\/figure><\/div><div class=\"swiper-slide\" role=\"group\" aria-roledescription=\"slide\" aria-label=\"12 von 13\"><figure class=\"swiper-slide-inner\"><img decoding=\"async\" class=\"swiper-slide-image\" src=\"https:\/\/rutherberg.com\/wp-content\/uploads\/2020\/11\/IMG_20180105_191512-768x576.jpg\" alt=\"IMG_20180105_191512\" \/><\/figure><\/div><div class=\"swiper-slide\" role=\"group\" aria-roledescription=\"slide\" aria-label=\"13 von 13\"><figure class=\"swiper-slide-inner\"><img decoding=\"async\" class=\"swiper-slide-image\" src=\"https:\/\/rutherberg.com\/wp-content\/uploads\/2020\/11\/IMG_20180122_144052-768x576.jpg\" alt=\"IMG_20180122_144052\" \/><\/figure><\/div>\t\t\t<\/div>\n\t\t\t\t\t\t\t\t\t\t\t\t<div class=\"elementor-swiper-button elementor-swiper-button-prev\" role=\"button\" tabindex=\"0\">\n\t\t\t\t\t\t<i aria-hidden=\"true\" class=\"eicon-chevron-left\"><\/i>\t\t\t\t\t<\/div>\n\t\t\t\t\t<div class=\"elementor-swiper-button elementor-swiper-button-next\" role=\"button\" tabindex=\"0\">\n\t\t\t\t\t\t<i aria-hidden=\"true\" class=\"eicon-chevron-right\"><\/i>\t\t\t\t\t<\/div>\n\t\t\t\t\n\t\t\t\t\t\t\t\t\t<div class=\"swiper-pagination\"><\/div>\n\t\t\t\t\t\t\t\t\t<\/div>\n\t\t\t\t\t\t<\/div>\n\t\t\t\t<\/div>\n\t\t\t\t\t<\/div>\n\t\t<\/div>\n\t\t\t\t\t<\/div>\n\t\t<\/section>\n\t\t\t\t<section class=\"elementor-section elementor-top-section elementor-element elementor-element-5e9cae56 elementor-section-boxed elementor-section-height-default elementor-section-height-default\" data-id=\"5e9cae56\" data-element_type=\"section\">\n\t\t\t\t\t\t<div class=\"elementor-container elementor-column-gap-default\">\n\t\t\t\t\t<div class=\"elementor-column elementor-col-100 elementor-top-column elementor-element elementor-element-267d5c6\" data-id=\"267d5c6\" data-element_type=\"column\">\n\t\t\t<div class=\"elementor-widget-wrap elementor-element-populated\">\n\t\t\t\t\t\t<div class=\"elementor-element elementor-element-3c7e06a8 elementor-widget elementor-widget-text-editor\" data-id=\"3c7e06a8\" data-element_type=\"widget\" data-widget_type=\"text-editor.default\">\n\t\t\t\t<div class=\"elementor-widget-container\">\n\t\t\t\t\t\t\t\t\t<p>Kein Ton mehr ? Sicherung durchbrennt ? Nachlassende Tonqualit\u00e4t ?<\/p>\n<p>Wir k\u00fcmmern uns um die Pannenhilfe f\u00fcr Ger\u00e4te <span style=\"text-decoration: underline;\">aller Marken<\/span> wie :<\/p>\n<ul>\n<li>R\u00f6hren- oder Transistorverst\u00e4rker, im Topteil-, Combo- oder Rackformat&#8230;<\/li>\n<li>Lautsprecher, Boxen,&#8230;<\/li>\n<li>Pedale, Preamps,&#8230;<\/li>\n<li>Hifi- und Beschallungsmaterial: Verst\u00e4rker, Plattenspieler, Lautsprecher,&#8230;<\/li>\n<li>Sonst noch etwas, das nicht auf der Liste steht ? <span style=\"text-decoration: underline;\"><a href=\"http:\/\/rutherberg.com\/index.php\/contact\/\">Kontaktieren Sie uns<\/a><\/span>!<\/li>\n<\/ul>\n<div> <\/div>\n<p><span style=\"text-decoration: underline;\">Reparaturen unter 75\u20ac (inkl. MwSt.) werden von Amts wegen durchgef\u00fchrt.<\/span> Bei Betr\u00e4gen \u00fcber 75\u20ac (inkl. MwSt.) wird vor jeder Intervention ein Kostenvoranschlag erstellt, also keine b\u00f6sen \u00dcberraschungen ! <\/p>\n<p><span style=\"text-decoration: underline;\">Geb\u00fchr f\u00fcr Kostenvoranschlag\/Diagnose: 35 \u20ac inkl. MwSt.<\/span> Nur abrechenbar, wenn der Kostenvoranschlag nicht akzeptiert wird oder das Ger\u00e4t nicht repariert werden kann.<\/p>\n<p>Auf Reparaturen gibt es eine <span style=\"text-decoration: underline;\">dreimonatige Garantie<\/span>.<\/p>\n\t\t\t\t\t\t\t\t<\/div>\n\t\t\t\t<\/div>\n\t\t\t\t\t<\/div>\n\t\t<\/div>\n\t\t\t\t\t<\/div>\n\t\t<\/section>\n\t\t\t\t<\/div>\n\t\t","protected":false},"excerpt":{"rendered":"<p>Kein Ton mehr ? Sicherung durchbrennt ? Nachlassende Tonqualit\u00e4t ? Wir k\u00fcmmern uns um die Pannenhilfe f\u00fcr Ger\u00e4te aller Marken wie : R\u00f6hren- oder Transistorverst\u00e4rker, im Topteil-, Combo- oder Rackformat&#8230; Lautsprecher, Boxen,&#8230; Pedale, Preamps,&#8230; Hifi- und Beschallungsmaterial: Verst\u00e4rker, Plattenspieler, Lautsprecher,&#8230; Sonst noch etwas, das nicht auf der Liste steht ? Kontaktieren Sie uns! Reparaturen unter&hellip;&nbsp;<a href=\"https:\/\/rutherberg.com\/de\/reparatur\/\" rel=\"bookmark\">Weiterlesen &raquo;<span class=\"screen-reader-text\">Reparatur<\/span><\/a><\/p>\n","protected":false},"author":2,"featured_media":0,"parent":0,"menu_order":0,"comment_status":"closed","ping_status":"closed","template":"elementor_header_footer","meta":{"_monsterinsights_skip_tracking":false,"_monsterinsights_sitenote_active":false,"_monsterinsights_sitenote_note":"","_monsterinsights_sitenote_category":0,"neve_meta_sidebar":"full-width","neve_meta_container":"","neve_meta_enable_content_width":"on","neve_meta_content_width":100,"neve_meta_title_alignment":"","neve_meta_author_avatar":"","neve_post_elements_order":"","neve_meta_disable_header":"","neve_meta_disable_footer":"","neve_meta_disable_title":"","footnotes":""},"class_list":["post-2759","page","type-page","status-publish","hentry"],"_links":{"self":[{"href":"https:\/\/rutherberg.com\/de\/wp-json\/wp\/v2\/pages\/2759","targetHints":{"allow":["GET"]}}],"collection":[{"href":"https:\/\/rutherberg.com\/de\/wp-json\/wp\/v2\/pages"}],"about":[{"href":"https:\/\/rutherberg.com\/de\/wp-json\/wp\/v2\/types\/page"}],"author":[{"embeddable":true,"href":"https:\/\/rutherberg.com\/de\/wp-json\/wp\/v2\/users\/2"}],"replies":[{"embeddable":true,"href":"https:\/\/rutherberg.com\/de\/wp-json\/wp\/v2\/comments?post=2759"}],"version-history":[{"count":1,"href":"https:\/\/rutherberg.com\/de\/wp-json\/wp\/v2\/pages\/2759\/revisions"}],"predecessor-version":[{"id":2760,"href":"https:\/\/rutherberg.com\/de\/wp-json\/wp\/v2\/pages\/2759\/revisions\/2760"}],"wp:attachment":[{"href":"https:\/\/rutherberg.com\/de\/wp-json\/wp\/v2\/media?parent=2759"}],"curies":[{"name":"wp","href":"https:\/\/api.w.org\/{rel}","templated":true}]}}