{"id":2705,"date":"2020-12-11T09:35:52","date_gmt":"2020-12-11T08:35:52","guid":{"rendered":"https:\/\/rutherberg.com\/links\/"},"modified":"2024-01-08T12:21:53","modified_gmt":"2024-01-08T11:21:53","slug":"links","status":"publish","type":"page","link":"https:\/\/rutherberg.com\/de\/links\/","title":{"rendered":"Links"},"content":{"rendered":"\t\t<div data-elementor-type=\"wp-page\" data-elementor-id=\"2705\" class=\"elementor elementor-2705 elementor-1569\" data-elementor-post-type=\"page\">\n\t\t\t\t\t\t<section class=\"elementor-section elementor-top-section elementor-element elementor-element-722eda39 elementor-section-boxed elementor-section-height-default elementor-section-height-default\" data-id=\"722eda39\" data-element_type=\"section\">\n\t\t\t\t\t\t<div class=\"elementor-container elementor-column-gap-default\">\n\t\t\t\t\t<div class=\"elementor-column elementor-col-25 elementor-top-column elementor-element elementor-element-961da4d\" data-id=\"961da4d\" data-element_type=\"column\">\n\t\t\t<div class=\"elementor-widget-wrap elementor-element-populated\">\n\t\t\t\t\t\t<div class=\"elementor-element elementor-element-b5e09bf elementor-position-top elementor-widget elementor-widget-image-box\" data-id=\"b5e09bf\" data-element_type=\"widget\" data-widget_type=\"image-box.default\">\n\t\t\t\t<div class=\"elementor-widget-container\">\n\t\t\t\t\t<div class=\"elementor-image-box-wrapper\"><figure class=\"elementor-image-box-img\"><a href=\"http:\/\/auxan.com\/\" tabindex=\"-1\"><img fetchpriority=\"high\" decoding=\"async\" width=\"800\" height=\"600\" src=\"https:\/\/rutherberg.com\/wp-content\/uploads\/2022\/07\/Auxan-01.jpg\" class=\"elementor-animation-float attachment-full size-full wp-image-1927\" alt=\"\" srcset=\"https:\/\/rutherberg.com\/wp-content\/uploads\/2022\/07\/Auxan-01.jpg 800w, https:\/\/rutherberg.com\/wp-content\/uploads\/2022\/07\/Auxan-01-300x225.jpg 300w, https:\/\/rutherberg.com\/wp-content\/uploads\/2022\/07\/Auxan-01-768x576.jpg 768w, https:\/\/rutherberg.com\/wp-content\/uploads\/2022\/07\/Auxan-01-600x450.jpg 600w\" sizes=\"(max-width: 800px) 100vw, 800px\" \/><\/a><\/figure><div class=\"elementor-image-box-content\"><h3 class=\"elementor-image-box-title\"><a href=\"http:\/\/auxan.com\/\">Auxan<\/a><\/h3><p class=\"elementor-image-box-description\">Belgischer Gitarrenbauer nach Ma\u00df<\/p><\/div><\/div>\t\t\t\t<\/div>\n\t\t\t\t<\/div>\n\t\t\t\t\t<\/div>\n\t\t<\/div>\n\t\t\t\t<div class=\"elementor-column elementor-col-25 elementor-top-column elementor-element elementor-element-f409045\" data-id=\"f409045\" data-element_type=\"column\">\n\t\t\t<div class=\"elementor-widget-wrap elementor-element-populated\">\n\t\t\t\t\t\t<div class=\"elementor-element elementor-element-c33b25b elementor-position-top elementor-widget elementor-widget-image-box\" data-id=\"c33b25b\" data-element_type=\"widget\" data-widget_type=\"image-box.default\">\n\t\t\t\t<div class=\"elementor-widget-container\">\n\t\t\t\t\t<div class=\"elementor-image-box-wrapper\"><figure class=\"elementor-image-box-img\"><a href=\"https:\/\/www.ghislaindejardin.be\/\" tabindex=\"-1\"><img decoding=\"async\" width=\"800\" height=\"601\" src=\"https:\/\/rutherberg.com\/wp-content\/uploads\/2022\/07\/Dejardin-guitare-Noir-sur-Fond-Trans-01.jpg\" class=\"elementor-animation-float attachment-full size-full wp-image-1921\" alt=\"\" srcset=\"https:\/\/rutherberg.com\/wp-content\/uploads\/2022\/07\/Dejardin-guitare-Noir-sur-Fond-Trans-01.jpg 800w, https:\/\/rutherberg.com\/wp-content\/uploads\/2022\/07\/Dejardin-guitare-Noir-sur-Fond-Trans-01-300x225.jpg 300w, https:\/\/rutherberg.com\/wp-content\/uploads\/2022\/07\/Dejardin-guitare-Noir-sur-Fond-Trans-01-768x577.jpg 768w, https:\/\/rutherberg.com\/wp-content\/uploads\/2022\/07\/Dejardin-guitare-Noir-sur-Fond-Trans-01-600x451.jpg 600w\" sizes=\"(max-width: 800px) 100vw, 800px\" \/><\/a><\/figure><div class=\"elementor-image-box-content\"><h3 class=\"elementor-image-box-title\"><a href=\"https:\/\/www.ghislaindejardin.be\/\">Dejardin<\/a><\/h3><p class=\"elementor-image-box-description\">Belgischer Gitarrenbauer nach Ma\u00df<\/p><\/div><\/div>\t\t\t\t<\/div>\n\t\t\t\t<\/div>\n\t\t\t\t\t<\/div>\n\t\t<\/div>\n\t\t\t\t<div class=\"elementor-column elementor-col-25 elementor-top-column elementor-element elementor-element-8319982\" data-id=\"8319982\" data-element_type=\"column\">\n\t\t\t<div class=\"elementor-widget-wrap elementor-element-populated\">\n\t\t\t\t\t\t<div class=\"elementor-element elementor-element-4b3aa2e elementor-position-top elementor-widget elementor-widget-image-box\" data-id=\"4b3aa2e\" data-element_type=\"widget\" data-widget_type=\"image-box.default\">\n\t\t\t\t<div class=\"elementor-widget-container\">\n\t\t\t\t\t<div class=\"elementor-image-box-wrapper\"><figure class=\"elementor-image-box-img\"><a href=\"https:\/\/www.mxv.be\/\" tabindex=\"-1\"><img decoding=\"async\" width=\"334\" height=\"252\" src=\"https:\/\/rutherberg.com\/wp-content\/uploads\/2022\/07\/logoMXV22a-01.jpg\" class=\"elementor-animation-float attachment-full size-full wp-image-1925\" alt=\"\" srcset=\"https:\/\/rutherberg.com\/wp-content\/uploads\/2022\/07\/logoMXV22a-01.jpg 334w, https:\/\/rutherberg.com\/wp-content\/uploads\/2022\/07\/logoMXV22a-01-300x226.jpg 300w\" sizes=\"(max-width: 334px) 100vw, 334px\" \/><\/a><\/figure><div class=\"elementor-image-box-content\"><h3 class=\"elementor-image-box-title\"><a href=\"https:\/\/www.mxv.be\/\">MXV<\/a><\/h3><\/div><\/div>\t\t\t\t<\/div>\n\t\t\t\t<\/div>\n\t\t\t\t\t<\/div>\n\t\t<\/div>\n\t\t\t\t<div class=\"elementor-column elementor-col-25 elementor-top-column elementor-element elementor-element-4c00e5c\" data-id=\"4c00e5c\" data-element_type=\"column\">\n\t\t\t<div class=\"elementor-widget-wrap elementor-element-populated\">\n\t\t\t\t\t\t<div class=\"elementor-element elementor-element-d5ccaf3 elementor-position-top elementor-widget elementor-widget-image-box\" data-id=\"d5ccaf3\" data-element_type=\"widget\" data-widget_type=\"image-box.default\">\n\t\t\t\t<div class=\"elementor-widget-container\">\n\t\t\t\t\t<div class=\"elementor-image-box-wrapper\"><figure class=\"elementor-image-box-img\"><a href=\"https:\/\/www.carpediem-store.be\/\" tabindex=\"-1\"><img loading=\"lazy\" decoding=\"async\" width=\"1667\" height=\"1250\" src=\"https:\/\/rutherberg.com\/wp-content\/uploads\/2022\/07\/logo-01.jpg\" class=\"elementor-animation-float attachment-full size-full wp-image-1994\" alt=\"\" srcset=\"https:\/\/rutherberg.com\/wp-content\/uploads\/2022\/07\/logo-01.jpg 1667w, https:\/\/rutherberg.com\/wp-content\/uploads\/2022\/07\/logo-01-300x225.jpg 300w, https:\/\/rutherberg.com\/wp-content\/uploads\/2022\/07\/logo-01-1024x768.jpg 1024w, https:\/\/rutherberg.com\/wp-content\/uploads\/2022\/07\/logo-01-768x576.jpg 768w, https:\/\/rutherberg.com\/wp-content\/uploads\/2022\/07\/logo-01-1536x1152.jpg 1536w, https:\/\/rutherberg.com\/wp-content\/uploads\/2022\/07\/logo-01-600x450.jpg 600w\" sizes=\"(max-width: 1667px) 100vw, 1667px\" \/><\/a><\/figure><div class=\"elementor-image-box-content\"><h3 class=\"elementor-image-box-title\"><a href=\"https:\/\/www.carpediem-store.be\/\">Carpe Diem Store<\/a><\/h3><p class=\"elementor-image-box-description\">Musikgesch\u00e4ft in Malmedy und Eben-Emael<\/p><\/div><\/div>\t\t\t\t<\/div>\n\t\t\t\t<\/div>\n\t\t\t\t\t<\/div>\n\t\t<\/div>\n\t\t\t\t\t<\/div>\n\t\t<\/section>\n\t\t\t\t<\/div>\n\t\t","protected":false},"excerpt":{"rendered":"<p>Auxan Belgischer Gitarrenbauer nach Ma\u00df Dejardin Belgischer Gitarrenbauer nach Ma\u00df MXV Carpe Diem Store Musikgesch\u00e4ft in Malmedy und Eben-Emael<\/p>\n","protected":false},"author":2,"featured_media":0,"parent":0,"menu_order":0,"comment_status":"closed","ping_status":"closed","template":"elementor_header_footer","meta":{"_monsterinsights_skip_tracking":false,"_monsterinsights_sitenote_active":false,"_monsterinsights_sitenote_note":"","_monsterinsights_sitenote_category":0,"neve_meta_sidebar":"full-width","neve_meta_container":"","neve_meta_enable_content_width":"on","neve_meta_content_width":100,"neve_meta_title_alignment":"","neve_meta_author_avatar":"","neve_post_elements_order":"","neve_meta_disable_header":"","neve_meta_disable_footer":"","neve_meta_disable_title":"","footnotes":""},"class_list":["post-2705","page","type-page","status-publish","hentry"],"_links":{"self":[{"href":"https:\/\/rutherberg.com\/de\/wp-json\/wp\/v2\/pages\/2705","targetHints":{"allow":["GET"]}}],"collection":[{"href":"https:\/\/rutherberg.com\/de\/wp-json\/wp\/v2\/pages"}],"about":[{"href":"https:\/\/rutherberg.com\/de\/wp-json\/wp\/v2\/types\/page"}],"author":[{"embeddable":true,"href":"https:\/\/rutherberg.com\/de\/wp-json\/wp\/v2\/users\/2"}],"replies":[{"embeddable":true,"href":"https:\/\/rutherberg.com\/de\/wp-json\/wp\/v2\/comments?post=2705"}],"version-history":[{"count":1,"href":"https:\/\/rutherberg.com\/de\/wp-json\/wp\/v2\/pages\/2705\/revisions"}],"predecessor-version":[{"id":2706,"href":"https:\/\/rutherberg.com\/de\/wp-json\/wp\/v2\/pages\/2705\/revisions\/2706"}],"wp:attachment":[{"href":"https:\/\/rutherberg.com\/de\/wp-json\/wp\/v2\/media?parent=2705"}],"curies":[{"name":"wp","href":"https:\/\/api.w.org\/{rel}","templated":true}]}}