{"id":2699,"date":"2020-12-11T09:36:34","date_gmt":"2020-12-11T08:36:34","guid":{"rendered":"https:\/\/rutherberg.com\/meinungen-presse\/"},"modified":"2024-01-08T12:12:16","modified_gmt":"2024-01-08T11:12:16","slug":"meinungen-presse","status":"publish","type":"page","link":"https:\/\/rutherberg.com\/de\/meinungen-presse\/","title":{"rendered":"Meinungen &amp; Presse"},"content":{"rendered":"\t\t<div data-elementor-type=\"wp-page\" data-elementor-id=\"2699\" class=\"elementor elementor-2699 elementor-1571\" data-elementor-post-type=\"page\">\n\t\t\t\t\t\t<section class=\"elementor-section elementor-top-section elementor-element elementor-element-7f3ffb9 elementor-section-boxed elementor-section-height-default elementor-section-height-default\" data-id=\"7f3ffb9\" data-element_type=\"section\" data-e-type=\"section\">\n\t\t\t\t\t\t<div class=\"elementor-container elementor-column-gap-default\">\n\t\t\t\t\t<div class=\"elementor-column elementor-col-100 elementor-top-column elementor-element elementor-element-2386111\" data-id=\"2386111\" data-element_type=\"column\" data-e-type=\"column\">\n\t\t\t<div class=\"elementor-widget-wrap elementor-element-populated\">\n\t\t\t\t\t\t<div class=\"elementor-element elementor-element-e319a22 elementor-widget elementor-widget-text-editor\" data-id=\"e319a22\" data-element_type=\"widget\" data-e-type=\"widget\" data-widget_type=\"text-editor.default\">\n\t\t\t\t<div class=\"elementor-widget-container\">\n\t\t\t\t\t\t\t\t\t<p><strong>RTBF, Guitar Story, des Artisans Belges : <\/strong><\/p>\n<p><a href=\"https:\/\/www.rtbf.be\/article\/guitar-story-des-artisans-belges-geoffray-herbrand-rutherberg-amplification-10773812\">https:\/\/www.rtbf.be\/article\/guitar-story-des-artisans-belges-geoffray-herbrand-rutherberg-amplification-10773812<\/a><\/p>\n<p><strong>Artikel auf MXV.be :<\/strong><\/p>\n<p><a href=\"https:\/\/mxv.be\/2021\/06\/les-amplis-guitares-rutherberg\/\">https:\/\/mxv.be\/2021\/06\/les-amplis-guitares-rutherberg\/<\/a><\/p>\n\t\t\t\t\t\t\t\t<\/div>\n\t\t\t\t<\/div>\n\t\t\t\t\t<\/div>\n\t\t<\/div>\n\t\t\t\t\t<\/div>\n\t\t<\/section>\n\t\t\t\t<section class=\"elementor-section elementor-top-section elementor-element elementor-element-20ec6a83 elementor-section-boxed elementor-section-height-default elementor-section-height-default\" data-id=\"20ec6a83\" data-element_type=\"section\" data-e-type=\"section\">\n\t\t\t\t\t\t<div class=\"elementor-container elementor-column-gap-default\">\n\t\t\t\t\t<div class=\"elementor-column elementor-col-100 elementor-top-column elementor-element elementor-element-7d9205d\" data-id=\"7d9205d\" data-element_type=\"column\" data-e-type=\"column\">\n\t\t\t<div class=\"elementor-widget-wrap elementor-element-populated\">\n\t\t\t\t\t\t<div class=\"elementor-element elementor-element-59a1f46 elementor-widget elementor-widget-eael-testimonial\" data-id=\"59a1f46\" data-element_type=\"widget\" data-e-type=\"widget\" data-widget_type=\"eael-testimonial.default\">\n\t\t\t\t<div class=\"elementor-widget-container\">\n\t\t\t\t\t\n\t<div id=\"eael-testimonial-59a1f46\" class=\"eael-testimonial-item clearfix  default-style\">\n\t\t\t\t\n\t\t\n\t\t\t\t\t\t\t\t<div class=\"eael-testimonial-image\">\n\t\t\t\t\t\t\t\t\t<figure><img fetchpriority=\"high\" decoding=\"async\" width=\"300\" height=\"225\" src=\"https:\/\/rutherberg.com\/wp-content\/uploads\/2020\/12\/IMG_20200426_231643-300x225.jpg\" class=\"attachment-medium size-medium wp-image-1305\" alt=\"\" srcset=\"https:\/\/rutherberg.com\/wp-content\/uploads\/2020\/12\/IMG_20200426_231643-300x225.jpg 300w, https:\/\/rutherberg.com\/wp-content\/uploads\/2020\/12\/IMG_20200426_231643-1024x769.jpg 1024w, https:\/\/rutherberg.com\/wp-content\/uploads\/2020\/12\/IMG_20200426_231643-768x576.jpg 768w, https:\/\/rutherberg.com\/wp-content\/uploads\/2020\/12\/IMG_20200426_231643-1536x1153.jpg 1536w, https:\/\/rutherberg.com\/wp-content\/uploads\/2020\/12\/IMG_20200426_231643-2048x1537.jpg 2048w, https:\/\/rutherberg.com\/wp-content\/uploads\/2020\/12\/IMG_20200426_231643-600x450.jpg 600w\" sizes=\"(max-width: 300px) 100vw, 300px\" \/><\/figure>\n\t\t\t\t\t\t\t<\/div>\n\t\t\t\t\t\t<div class=\"eael-testimonial-content\">\n\t\t\t\t<div class=\"eael-testimonial-text\"><p><span style=\"font-weight: 400\">Stolzer Besitzer eines Rutherberg Hot Maid 18 hier. Geoffray hat einen fantastischen Job auf dem kleinen Verst\u00e4rker gemacht. Er klingt fantastisch und ist perfekt leicht. Die Verarbeitung ist hervorragend mit perfekter Liebe zum Detail und Qualit\u00e4t. Ich kann jedem Gitarristen nur empfehlen, die Rutherberg-Werkstatt zu besuchen. Es wird schwierig sein, einen netteren, sachkundigeren und f\u00e4higeren Verst\u00e4rkertechniker irgendwo zu finden.     <\/span><\/p>\n<\/div><p class=\"eael-testimonial-user\">Mario G.<\/p><p class=\"eael-testimonial-user-company\">Kontur<\/p>\t\t\t<\/div>\n\t\t\n\t\t\n\t\t\n\t\t\n\t\t\n\t\t\n\t\t<span class=\"eael-testimonial-quote\"><\/span>\n\t<\/div>\n\n\t\t\t\t\t<\/div>\n\t\t\t\t<\/div>\n\t\t\t\t<div class=\"elementor-element elementor-element-4a19346 elementor-widget elementor-widget-eael-testimonial\" data-id=\"4a19346\" data-element_type=\"widget\" data-e-type=\"widget\" data-widget_type=\"eael-testimonial.default\">\n\t\t\t\t<div class=\"elementor-widget-container\">\n\t\t\t\t\t\n\t<div id=\"eael-testimonial-4a19346\" class=\"eael-testimonial-item clearfix  default-style\">\n\t\t\t\t\n\t\t\n\t\t\t\t\t\t\t\t<div class=\"eael-testimonial-image\">\n\t\t\t\t\t\t\t\t\t<figure><img decoding=\"async\" width=\"300\" height=\"300\" src=\"https:\/\/rutherberg.com\/wp-content\/uploads\/2022\/07\/DSCF8652b-300x300.jpg\" class=\"attachment-medium size-medium wp-image-1982\" alt=\"\" srcset=\"https:\/\/rutherberg.com\/wp-content\/uploads\/2022\/07\/DSCF8652b-300x300.jpg 300w, https:\/\/rutherberg.com\/wp-content\/uploads\/2022\/07\/DSCF8652b-1024x1024.jpg 1024w, https:\/\/rutherberg.com\/wp-content\/uploads\/2022\/07\/DSCF8652b-150x150.jpg 150w, https:\/\/rutherberg.com\/wp-content\/uploads\/2022\/07\/DSCF8652b-768x768.jpg 768w, https:\/\/rutherberg.com\/wp-content\/uploads\/2022\/07\/DSCF8652b-600x600.jpg 600w, https:\/\/rutherberg.com\/wp-content\/uploads\/2022\/07\/DSCF8652b-100x100.jpg 100w, https:\/\/rutherberg.com\/wp-content\/uploads\/2022\/07\/DSCF8652b.jpg 1500w\" sizes=\"(max-width: 300px) 100vw, 300px\" \/><\/figure>\n\t\t\t\t\t\t\t<\/div>\n\t\t\t\t\t\t<div class=\"eael-testimonial-content\">\n\t\t\t\t<div class=\"eael-testimonial-text\"><p>Ich hatte viele 4&#215;12&#8243; Boxen zu Hause und bei Konzerten (ENGL V60, EVH 5150 V30, Hughes and Kettner Warp T V30 und HOT100) und so weiter&#8230; Meine letzte Erfahrung mit einer Box war, als ich einen Mesa Rectifier 4&#215;12&#8243; in V30 kaufte. Und dann kam der ber\u00fchmte Vergleich zwischen dem Mesa 4&#215;12&#8243; und dem Rutherberg 2&#215;12&#8243; Classic in Celestion V30&#8230;.. Meine Wahl war schnell getroffen, ein sofortiger Unterschied! Jetzt habe ich meinen Rutherberg 2&#215;12&#8243; Classic V30 Custom!   <\/p>\n<\/div><p class=\"eael-testimonial-user\">Yoan S.<\/p><p class=\"eael-testimonial-user-company\">Infected\/Coalition<\/p>\t\t\t<\/div>\n\t\t\n\t\t\n\t\t\n\t\t\n\t\t\n\t\t\n\t\t<span class=\"eael-testimonial-quote\"><\/span>\n\t<\/div>\n\n\t\t\t\t\t<\/div>\n\t\t\t\t<\/div>\n\t\t\t\t<div class=\"elementor-element elementor-element-f43b132 elementor-widget elementor-widget-eael-testimonial\" data-id=\"f43b132\" data-element_type=\"widget\" data-e-type=\"widget\" data-widget_type=\"eael-testimonial.default\">\n\t\t\t\t<div class=\"elementor-widget-container\">\n\t\t\t\t\t\n\t<div id=\"eael-testimonial-f43b132\" class=\"eael-testimonial-item clearfix  default-style\">\n\t\t\t\t\n\t\t\n\t\t\t\t\t\t\t\t<div class=\"eael-testimonial-image\">\n\t\t\t\t\t\t\t\t\t<figure><img decoding=\"async\" width=\"300\" height=\"225\" src=\"https:\/\/rutherberg.com\/wp-content\/uploads\/2020\/09\/IMG_3631-300x225.jpg\" class=\"attachment-medium size-medium wp-image-808\" alt=\"RTRB15 Cedric\" srcset=\"https:\/\/rutherberg.com\/wp-content\/uploads\/2020\/09\/IMG_3631-300x225.jpg 300w, https:\/\/rutherberg.com\/wp-content\/uploads\/2020\/09\/IMG_3631-scaled-600x450.jpg 600w, https:\/\/rutherberg.com\/wp-content\/uploads\/2020\/09\/IMG_3631-1024x768.jpg 1024w, https:\/\/rutherberg.com\/wp-content\/uploads\/2020\/09\/IMG_3631-768x576.jpg 768w, https:\/\/rutherberg.com\/wp-content\/uploads\/2020\/09\/IMG_3631-1536x1152.jpg 1536w, https:\/\/rutherberg.com\/wp-content\/uploads\/2020\/09\/IMG_3631-2048x1536.jpg 2048w\" sizes=\"(max-width: 300px) 100vw, 300px\" \/><\/figure>\n\t\t\t\t\t\t\t<\/div>\n\t\t\t\t\t\t<div class=\"eael-testimonial-content\">\n\t\t\t\t<div class=\"eael-testimonial-text\"><p><span style=\"font-weight: 400\">Ein vielseitiger Verst\u00e4rker mit einem gro\u00dfartigen Clean. 15W ideal f\u00fcr das Spielen zu Hause oder in einem Lokal.  <\/span><span style=\"font-weight: 400\">Der Overdrive hat es in sich und bringt einen guten Rock- oder Metal-Sound heraus, wie wir ihn lieben! <\/span><span style=\"font-weight: 400\">Und dieses Gr\u00fcn &#8230; \ud83c\udf4f\ud83e\udd24<\/span><\/p>\n<\/div><p class=\"eael-testimonial-user\">C\u00e9dric V.<\/p>\t\t\t<\/div>\n\t\t\n\t\t\n\t\t\n\t\t\n\t\t\n\t\t\n\t\t<span class=\"eael-testimonial-quote\"><\/span>\n\t<\/div>\n\n\t\t\t\t\t<\/div>\n\t\t\t\t<\/div>\n\t\t\t\t<div class=\"elementor-element elementor-element-92642a8 elementor-widget elementor-widget-eael-testimonial\" data-id=\"92642a8\" data-element_type=\"widget\" data-e-type=\"widget\" data-widget_type=\"eael-testimonial.default\">\n\t\t\t\t<div class=\"elementor-widget-container\">\n\t\t\t\t\t\n\t<div id=\"eael-testimonial-92642a8\" class=\"eael-testimonial-item clearfix  default-style\">\n\t\t\t\t\n\t\t\n\t\t\t\t\t\t\t\t<div class=\"eael-testimonial-image\">\n\t\t\t\t\t\t\t\t\t<figure><img loading=\"lazy\" decoding=\"async\" width=\"300\" height=\"225\" src=\"https:\/\/rutherberg.com\/wp-content\/uploads\/2020\/12\/IMG_20190502_123252-300x225.jpg\" class=\"attachment-medium size-medium wp-image-1639\" alt=\"\" srcset=\"https:\/\/rutherberg.com\/wp-content\/uploads\/2020\/12\/IMG_20190502_123252-300x225.jpg 300w, https:\/\/rutherberg.com\/wp-content\/uploads\/2020\/12\/IMG_20190502_123252-1024x767.jpg 1024w, https:\/\/rutherberg.com\/wp-content\/uploads\/2020\/12\/IMG_20190502_123252-768x575.jpg 768w, https:\/\/rutherberg.com\/wp-content\/uploads\/2020\/12\/IMG_20190502_123252-1536x1151.jpg 1536w, https:\/\/rutherberg.com\/wp-content\/uploads\/2020\/12\/IMG_20190502_123252-2048x1534.jpg 2048w, https:\/\/rutherberg.com\/wp-content\/uploads\/2020\/12\/IMG_20190502_123252-600x449.jpg 600w\" sizes=\"(max-width: 300px) 100vw, 300px\" \/><\/figure>\n\t\t\t\t\t\t\t<\/div>\n\t\t\t\t\t\t<div class=\"eael-testimonial-content\">\n\t\t\t\t<div class=\"eael-testimonial-text\"><p>Empfang, Zuh\u00f6ren, Bescheidenheit und Professionalit\u00e4t lassen ihn seine Leidenschaft mit W\u00e4rme und Freude weitergeben. Die Vorliebe f\u00fcr gut gemachte Arbeit und die Sorgfalt, die er an den Tag legt, zeigen seinen Sinn f\u00fcr Respekt und \u013eattention, mit der er die W\u00fcnsche seiner Kunden erf\u00fcllt. Kurz gesagt, ein Ort, an dem man seine Leidenschaft ohne Kritik in aller Einfachheit, aber mit einem echten musikalischen Ansatz teilen kann.  <\/p>\n<\/div><p class=\"eael-testimonial-user\">Mathieu G.<\/p><p class=\"eael-testimonial-user-company\">Moonlight Rites<\/p>\t\t\t<\/div>\n\t\t\n\t\t\n\t\t\n\t\t\n\t\t\n\t\t\n\t\t<span class=\"eael-testimonial-quote\"><\/span>\n\t<\/div>\n\n\t\t\t\t\t<\/div>\n\t\t\t\t<\/div>\n\t\t\t\t\t<\/div>\n\t\t<\/div>\n\t\t\t\t\t<\/div>\n\t\t<\/section>\n\t\t\t\t<section class=\"elementor-section elementor-top-section elementor-element elementor-element-939f429 elementor-section-boxed elementor-section-height-default elementor-section-height-default\" data-id=\"939f429\" data-element_type=\"section\" data-e-type=\"section\">\n\t\t\t\t\t\t<div class=\"elementor-container elementor-column-gap-default\">\n\t\t\t\t\t<div class=\"elementor-column elementor-col-100 elementor-top-column elementor-element elementor-element-db0db22\" data-id=\"db0db22\" data-element_type=\"column\" data-e-type=\"column\">\n\t\t\t<div class=\"elementor-widget-wrap elementor-element-populated\">\n\t\t\t\t\t\t<div class=\"elementor-element elementor-element-7e731a6 elementor-widget elementor-widget-heading\" data-id=\"7e731a6\" data-element_type=\"widget\" data-e-type=\"widget\" data-widget_type=\"heading.default\">\n\t\t\t\t<div class=\"elementor-widget-container\">\n\t\t\t\t\t<h2 class=\"elementor-heading-title elementor-size-default\">K\u00fcnstler\/innen<\/h2>\t\t\t\t<\/div>\n\t\t\t\t<\/div>\n\t\t\t\t\t<\/div>\n\t\t<\/div>\n\t\t\t\t\t<\/div>\n\t\t<\/section>\n\t\t\t\t<section class=\"elementor-section elementor-top-section elementor-element elementor-element-ecff83a elementor-section-boxed elementor-section-height-default elementor-section-height-default\" data-id=\"ecff83a\" data-element_type=\"section\" data-e-type=\"section\">\n\t\t\t\t\t\t<div class=\"elementor-container elementor-column-gap-default\">\n\t\t\t\t\t<div class=\"elementor-column elementor-col-25 elementor-top-column elementor-element elementor-element-41bc95a\" data-id=\"41bc95a\" data-element_type=\"column\" data-e-type=\"column\">\n\t\t\t<div class=\"elementor-widget-wrap elementor-element-populated\">\n\t\t\t\t\t\t<div class=\"elementor-element elementor-element-d63bf1b elementor-position-top elementor-widget elementor-widget-image-box\" data-id=\"d63bf1b\" data-element_type=\"widget\" data-e-type=\"widget\" data-widget_type=\"image-box.default\">\n\t\t\t\t<div class=\"elementor-widget-container\">\n\t\t\t\t\t<div class=\"elementor-image-box-wrapper\"><figure class=\"elementor-image-box-img\"><a href=\"https:\/\/www.instagram.com\/loriscaseau\/\" tabindex=\"-1\"><img loading=\"lazy\" decoding=\"async\" width=\"750\" height=\"750\" src=\"https:\/\/rutherberg.com\/wp-content\/uploads\/2022\/07\/285333418_2934576523509884_124528061287676713_n-01.jpg\" class=\"attachment-full size-full wp-image-1934\" alt=\"\" srcset=\"https:\/\/rutherberg.com\/wp-content\/uploads\/2022\/07\/285333418_2934576523509884_124528061287676713_n-01.jpg 750w, https:\/\/rutherberg.com\/wp-content\/uploads\/2022\/07\/285333418_2934576523509884_124528061287676713_n-01-300x300.jpg 300w, https:\/\/rutherberg.com\/wp-content\/uploads\/2022\/07\/285333418_2934576523509884_124528061287676713_n-01-150x150.jpg 150w, https:\/\/rutherberg.com\/wp-content\/uploads\/2022\/07\/285333418_2934576523509884_124528061287676713_n-01-600x600.jpg 600w, https:\/\/rutherberg.com\/wp-content\/uploads\/2022\/07\/285333418_2934576523509884_124528061287676713_n-01-100x100.jpg 100w\" sizes=\"(max-width: 750px) 100vw, 750px\" \/><\/a><\/figure><div class=\"elementor-image-box-content\"><h3 class=\"elementor-image-box-title\"><a href=\"https:\/\/www.instagram.com\/loriscaseau\/\">Loris Caseau<\/a><\/h3><p class=\"elementor-image-box-description\">Myrcn<\/p><\/div><\/div>\t\t\t\t<\/div>\n\t\t\t\t<\/div>\n\t\t\t\t\t<\/div>\n\t\t<\/div>\n\t\t\t\t<div class=\"elementor-column elementor-col-25 elementor-top-column elementor-element elementor-element-752b24b\" data-id=\"752b24b\" data-element_type=\"column\" data-e-type=\"column\">\n\t\t\t<div class=\"elementor-widget-wrap elementor-element-populated\">\n\t\t\t\t\t\t<div class=\"elementor-element elementor-element-df019f7 elementor-position-top elementor-widget elementor-widget-image-box\" data-id=\"df019f7\" data-element_type=\"widget\" data-e-type=\"widget\" data-widget_type=\"image-box.default\">\n\t\t\t\t<div class=\"elementor-widget-container\">\n\t\t\t\t\t<div class=\"elementor-image-box-wrapper\"><figure class=\"elementor-image-box-img\"><img loading=\"lazy\" decoding=\"async\" width=\"480\" height=\"480\" src=\"https:\/\/rutherberg.com\/wp-content\/uploads\/2022\/07\/291866041_584423036524543_4402142394406473143_n-01.jpg\" class=\"attachment-full size-full wp-image-1933\" alt=\"\" srcset=\"https:\/\/rutherberg.com\/wp-content\/uploads\/2022\/07\/291866041_584423036524543_4402142394406473143_n-01.jpg 480w, https:\/\/rutherberg.com\/wp-content\/uploads\/2022\/07\/291866041_584423036524543_4402142394406473143_n-01-300x300.jpg 300w, https:\/\/rutherberg.com\/wp-content\/uploads\/2022\/07\/291866041_584423036524543_4402142394406473143_n-01-150x150.jpg 150w, https:\/\/rutherberg.com\/wp-content\/uploads\/2022\/07\/291866041_584423036524543_4402142394406473143_n-01-100x100.jpg 100w\" sizes=\"(max-width: 480px) 100vw, 480px\" \/><\/figure><div class=\"elementor-image-box-content\"><h3 class=\"elementor-image-box-title\">Francis Keto<\/h3><p class=\"elementor-image-box-description\">Yves Paquet Band \/ Caf\u00e9 au Lait \/ Under Pressure \/ ...<\/p><\/div><\/div>\t\t\t\t<\/div>\n\t\t\t\t<\/div>\n\t\t\t\t\t<\/div>\n\t\t<\/div>\n\t\t\t\t<div class=\"elementor-column elementor-col-25 elementor-top-column elementor-element elementor-element-b0e4903\" data-id=\"b0e4903\" data-element_type=\"column\" data-e-type=\"column\">\n\t\t\t<div class=\"elementor-widget-wrap elementor-element-populated\">\n\t\t\t\t\t\t<div class=\"elementor-element elementor-element-6759eda elementor-position-top elementor-widget elementor-widget-image-box\" data-id=\"6759eda\" data-element_type=\"widget\" data-e-type=\"widget\" data-widget_type=\"image-box.default\">\n\t\t\t\t<div class=\"elementor-widget-container\">\n\t\t\t\t\t<div class=\"elementor-image-box-wrapper\"><figure class=\"elementor-image-box-img\"><a href=\"https:\/\/www.instagram.com\/Sckib\" tabindex=\"-1\"><img loading=\"lazy\" decoding=\"async\" width=\"1267\" height=\"1266\" src=\"https:\/\/rutherberg.com\/wp-content\/uploads\/2022\/07\/291871636_476471107629183_8168209703506693829_n-01.jpg\" class=\"attachment-full size-full wp-image-1968\" alt=\"\" srcset=\"https:\/\/rutherberg.com\/wp-content\/uploads\/2022\/07\/291871636_476471107629183_8168209703506693829_n-01.jpg 1267w, https:\/\/rutherberg.com\/wp-content\/uploads\/2022\/07\/291871636_476471107629183_8168209703506693829_n-01-300x300.jpg 300w, https:\/\/rutherberg.com\/wp-content\/uploads\/2022\/07\/291871636_476471107629183_8168209703506693829_n-01-1024x1024.jpg 1024w, https:\/\/rutherberg.com\/wp-content\/uploads\/2022\/07\/291871636_476471107629183_8168209703506693829_n-01-150x150.jpg 150w, https:\/\/rutherberg.com\/wp-content\/uploads\/2022\/07\/291871636_476471107629183_8168209703506693829_n-01-768x767.jpg 768w, https:\/\/rutherberg.com\/wp-content\/uploads\/2022\/07\/291871636_476471107629183_8168209703506693829_n-01-600x600.jpg 600w, https:\/\/rutherberg.com\/wp-content\/uploads\/2022\/07\/291871636_476471107629183_8168209703506693829_n-01-100x100.jpg 100w\" sizes=\"(max-width: 1267px) 100vw, 1267px\" \/><\/a><\/figure><div class=\"elementor-image-box-content\"><h3 class=\"elementor-image-box-title\"><a href=\"https:\/\/www.instagram.com\/Sckib\">Yoan Schieber<\/a><\/h3><p class=\"elementor-image-box-description\">Infected \/ Coalition<\/p><\/div><\/div>\t\t\t\t<\/div>\n\t\t\t\t<\/div>\n\t\t\t\t\t<\/div>\n\t\t<\/div>\n\t\t\t\t<div class=\"elementor-column elementor-col-25 elementor-top-column elementor-element elementor-element-aaffd4b\" data-id=\"aaffd4b\" data-element_type=\"column\" data-e-type=\"column\">\n\t\t\t<div class=\"elementor-widget-wrap\">\n\t\t\t\t\t\t\t<\/div>\n\t\t<\/div>\n\t\t\t\t\t<\/div>\n\t\t<\/section>\n\t\t\t\t<\/div>\n\t\t","protected":false},"excerpt":{"rendered":"<p>RTBF, Guitar Story, des Artisans Belges : https:\/\/www.rtbf.be\/article\/guitar-story-des-artisans-belges-geoffray-herbrand-rutherberg-amplification-10773812 Artikel auf MXV.be : https:\/\/mxv.be\/2021\/06\/les-amplis-guitares-rutherberg\/ Stolzer Besitzer eines Rutherberg Hot Maid 18 hier. Geoffray hat einen fantastischen Job auf dem kleinen Verst\u00e4rker gemacht. Er klingt fantastisch und ist perfekt leicht. Die Verarbeitung ist hervorragend mit perfekter Liebe zum Detail und Qualit\u00e4t. Ich kann jedem Gitarristen nur empfehlen,&hellip;&nbsp;<a href=\"https:\/\/rutherberg.com\/de\/meinungen-presse\/\" rel=\"bookmark\">Weiterlesen &raquo;<span class=\"screen-reader-text\">Meinungen &amp; Presse<\/span><\/a><\/p>\n","protected":false},"author":2,"featured_media":0,"parent":0,"menu_order":0,"comment_status":"closed","ping_status":"closed","template":"elementor_header_footer","meta":{"_monsterinsights_skip_tracking":false,"_monsterinsights_sitenote_active":false,"_monsterinsights_sitenote_note":"","_monsterinsights_sitenote_category":0,"neve_meta_sidebar":"full-width","neve_meta_container":"","neve_meta_enable_content_width":"on","neve_meta_content_width":100,"neve_meta_title_alignment":"","neve_meta_author_avatar":"","neve_post_elements_order":"","neve_meta_disable_header":"","neve_meta_disable_footer":"","neve_meta_disable_title":"","footnotes":""},"class_list":["post-2699","page","type-page","status-publish","hentry"],"_links":{"self":[{"href":"https:\/\/rutherberg.com\/de\/wp-json\/wp\/v2\/pages\/2699","targetHints":{"allow":["GET"]}}],"collection":[{"href":"https:\/\/rutherberg.com\/de\/wp-json\/wp\/v2\/pages"}],"about":[{"href":"https:\/\/rutherberg.com\/de\/wp-json\/wp\/v2\/types\/page"}],"author":[{"embeddable":true,"href":"https:\/\/rutherberg.com\/de\/wp-json\/wp\/v2\/users\/2"}],"replies":[{"embeddable":true,"href":"https:\/\/rutherberg.com\/de\/wp-json\/wp\/v2\/comments?post=2699"}],"version-history":[{"count":1,"href":"https:\/\/rutherberg.com\/de\/wp-json\/wp\/v2\/pages\/2699\/revisions"}],"predecessor-version":[{"id":2700,"href":"https:\/\/rutherberg.com\/de\/wp-json\/wp\/v2\/pages\/2699\/revisions\/2700"}],"wp:attachment":[{"href":"https:\/\/rutherberg.com\/de\/wp-json\/wp\/v2\/media?parent=2699"}],"curies":[{"name":"wp","href":"https:\/\/api.w.org\/{rel}","templated":true}]}}